{"id":1607,"date":"2024-01-11T15:33:53","date_gmt":"2024-01-11T14:33:53","guid":{"rendered":"https:\/\/www.authomath.org\/?page_id=1607"},"modified":"2024-01-11T15:34:16","modified_gmt":"2024-01-11T14:34:16","slug":"me-3-februar-2024-workshop-lutz-2","status":"publish","type":"page","link":"https:\/\/www.authomath.org\/?page_id=1607&lang=en","title":{"rendered":"ME 3. Februar 2024 : Workshop Lutz"},"content":{"rendered":"\n<p><strong>GeoGebra Applets in STACK einbinden und f\u00fcr praktische Unterrichtsanwendungen nutzen<\/strong><\/p>\n\n\n\n<p>Im Workshop erfahren Sie Grundlagenkenntnisse \u00fcber die Einbindung von GeoGebra-Anwendungen in mittels STACK automatisiert auswertbare Aufgaben. Ausgehend von vorgestellten Minimal-Beispielen zu den verf\u00fcgbaren Features wenden wir das Erlernte in Kombination mehrerer Features auf konkreten Aufgabenideen f\u00fcr den Unterricht an. Die im Workshop entstandenen Ergebnisse werden den Teilnehmern als Download zur Verf\u00fcgung gestellt.<\/p>\n\n\n\n<p>Neugierig? Schauen Sie unter &#8220;Aufgaben zum Daten lesen und darstellen&#8221; technisch \u00e4hnliche Umsetzungen mit der im Workshop verwendeten Software:<\/p>\n\n\n\n<p><a href=\"https:\/\/tools3.tim-lutz.de\/ilias\/ilias.php?baseClass=ilrepositorygui&amp;ref_id=\">https:\/\/tools3.tim-lutz.de\/ilias\/ilias.php?baseClass=ilrepositorygui&amp;ref_id=83<\/a><\/p>\n\n\n\n<p>Teilnahmevoraussetzungen: Sie beherrschen Grundkenntnisse der Bedienung von GeoGebra. In STACK sollten Sie Kenntnisse haben \u00fcber das Anlegen, Speichern und Anzeigen einer Vorschau. Grundlagenkenntnisse \u00fcber das Anlegen von Feedbackb\u00e4umen sollten vorhanden sein. Ihr GeoGebra Account sollte vorab bereits erstellt sein; zu Workshopbeginn sollten Sie bereits eingeloggt sein.<\/p>\n","protected":false},"excerpt":{"rendered":"<p>GeoGebra Applets in STACK einbinden und f\u00fcr praktische Unterrichtsanwendungen nutzen Im Workshop erfahren Sie Grundlagenkenntnisse \u00fcber die Einbindung von GeoGebra-Anwendungen in mittels STACK automatisiert auswertbare Aufgaben. Ausgehend von vorgestellten Minimal-Beispielen zu den verf\u00fcgbaren Features wenden wir das Erlernte in Kombination mehrerer Features auf konkreten Aufgabenideen f\u00fcr den Unterricht an. Die im Workshop entstandenen Ergebnisse werden &hellip; <\/p>\n<p class=\"link-more\"><a href=\"https:\/\/www.authomath.org\/?page_id=1607&#038;lang=en\" class=\"more-link\">Continue reading<span class=\"screen-reader-text\"> &#8220;ME 3. Februar 2024 : Workshop Lutz&#8221;<\/span><\/a><\/p>\n","protected":false},"author":1,"featured_media":0,"parent":0,"menu_order":0,"comment_status":"closed","ping_status":"closed","template":"","meta":{"footnotes":""},"class_list":["post-1607","page","type-page","status-publish","hentry"],"_links":{"self":[{"href":"https:\/\/www.authomath.org\/index.php?rest_route=\/wp\/v2\/pages\/1607","targetHints":{"allow":["GET"]}}],"collection":[{"href":"https:\/\/www.authomath.org\/index.php?rest_route=\/wp\/v2\/pages"}],"about":[{"href":"https:\/\/www.authomath.org\/index.php?rest_route=\/wp\/v2\/types\/page"}],"author":[{"embeddable":true,"href":"https:\/\/www.authomath.org\/index.php?rest_route=\/wp\/v2\/users\/1"}],"replies":[{"embeddable":true,"href":"https:\/\/www.authomath.org\/index.php?rest_route=%2Fwp%2Fv2%2Fcomments&post=1607"}],"version-history":[{"count":1,"href":"https:\/\/www.authomath.org\/index.php?rest_route=\/wp\/v2\/pages\/1607\/revisions"}],"predecessor-version":[{"id":1608,"href":"https:\/\/www.authomath.org\/index.php?rest_route=\/wp\/v2\/pages\/1607\/revisions\/1608"}],"wp:attachment":[{"href":"https:\/\/www.authomath.org\/index.php?rest_route=%2Fwp%2Fv2%2Fmedia&parent=1607"}],"curies":[{"name":"wp","href":"https:\/\/api.w.org\/{rel}","templated":true}]}}