{"id":74,"date":"2022-12-07T18:57:33","date_gmt":"2022-12-07T17:57:33","guid":{"rendered":"https:\/\/www.authomath.org\/?page_id=74"},"modified":"2024-07-23T17:07:33","modified_gmt":"2024-07-23T16:07:33","slug":"presentations","status":"publish","type":"page","link":"https:\/\/www.authomath.org\/?page_id=74&lang=en","title":{"rendered":"Presentations"},"content":{"rendered":"\n<h4 class=\"wp-block-heading has-text-align-center\">2024<\/h4>\n\n\n\n<p>Sanz-Ruiz, M., Soto-S\u00e1nchez, L. M., Ortiz-Laso, Z., &amp; Diego-Mantec\u00f3n, J. M. (soll im Juni vorgestellt werden). Elaborated feedback for interpreting graphs in Secondary Education.<\/p>\n\n\n\n<p>Pinkernell, G. (2024, March). <em>Activating Elements in Formative Feedback: From Receptive to Active Learning with Automated Feedback<\/em>. STACK Conference 2024, OTH Amberg. (<a href=\"https:\/\/www.authomath.org\/wp-content\/uploads\/2024\/07\/2024-Amberg-presentation.pdf\">Presentation<\/a>)<\/p>\n\n\n\n<h4 class=\"wp-block-heading has-text-align-center\">2023<\/h4>\n\n\n\n<p>Pinkernell, G. (2023, June). <em>AuthOMath: Towards a didactic concept for designing digital interactive tasks with automatic answer based feedback<\/em>. The 16th International Conference on Technology in Mathematics Teaching, Athens. <a href=\"https:\/\/www.authomath.org\/wp-content\/uploads\/2024\/07\/2024-ICTMT-presentation-d.pdf\">Presentation<\/a><\/p>\n\n\n\n<p>Pinkernell, G. (2023, April 26). <em>Merging GeoGebra and STACK\u202f: Technical advancement and didactic reflection<\/em>. STACK Community Conference, Tallinn. <a href=\"https:\/\/www.authomath.org\/wp-content\/uploads\/2024\/07\/2023-Tallinn-presentation-d.pdf\">Presentation<\/a><\/p>\n\n\n\n<p>Pinkernell, G. (2023, June 1). <em>Activating Feedback in Formative Assessment\u202f: From Receptive to Active Learning with Automated Feedback<\/em>. 1st Northern e-Assessment Meeting 2023 Trondheim, Trondheim. <a href=\"https:\/\/www.authomath.org\/wp-content\/uploads\/2024\/07\/2023-Trondheim-presentation-d.pdf\">Presentation<\/a><\/p>\n\n\n\n<p>Pinkernell, G., &amp; Lutz, T. (2023, September 29). <em>AuthOMath (2022-2024)\u202f: Die Potentiale von STACK und GeoGebra technisch verkn\u00fcpfen und didaktisch reflektiert nutzen<\/em>. Jahrestreffen des Arbeitskreises Mathematikunterricht und digitate Werkzeuge, P\u00e4dagogische Hochschule Freiburg. <a href=\"https:\/\/www.authomath.org\/wp-content\/uploads\/2024\/07\/2023-AKMdW-presentation-d.pdf\">Presentation<\/a> <\/p>\n\n\n\n<p>Sanz-Ruiz, M. (2023, November 23). How is STACK useful for learning about linear equations?&nbsp;<em>Doctoral Students&#8217; Conference: Tradition, Development &amp; Innovation in Didactics<\/em>. <a href=\"https:\/\/sddid.psiedu.ubbcluj.ro\/tdidecr2023.htm\" data-type=\"link\" data-id=\"https:\/\/sddid.psiedu.ubbcluj.ro\/tdidecr2023.htm\">Summary<\/a>. <\/p>\n\n\n\n<p>Sanz-Ruiz, M., Diego-Mantec\u00f3n, J. M., &amp; Ortiz-Laso, Z. (2023, September 13). Formative feedback on linear equations. <em>CADGME 2023: Digital Tools in Mathematics Education<\/em>. University of Catania, Italy. <a href=\"https:\/\/www.authomath.org\/wp-content\/uploads\/2024\/01\/Maria-Sanz-Ruiz-Formative-feedback-on-linear-equations.pdf\">Presentation<\/a>.<\/p>\n\n\n\n<p>Pinkernell, G. (2023, November). <em>Aktivierendes Feedback in digitalen Aufgabenformaten: Erfahrungen und Beispiele aus den Heidelberger Projekten MatheBr\u00fccke und AuthOMath<\/em>. Kolloquium zur Didaktik der Mathematik, Karlsruher Institut f\u00fcr Technologie KIT. <a href=\"https:\/\/www.authomath.org\/wp-content\/uploads\/2024\/07\/2023-KIT-presentation-d.pdf\">Presentation<\/a><\/p>\n\n\n\n<p>Tejera, M., Russo, C., &amp; Ortiz-Laso, Z. (2023, November 12). AuthOMath: innovaci\u00f3n de la ense\u00f1anza de las matem\u00e1ticas a trav\u00e9s de la integraci\u00f3n de GeoGebra y STACK. <em>International Congress of GeoGebra<\/em>. C\u00f3rdoba, Spain.<\/p>\n\n\n\n<h4 class=\"wp-block-heading has-text-align-center\">2022<\/h4>\n\n\n\n<p>Pinkernell, G. (2022 April). <em>Combining the strengths of STACK and GeoGebra for school and academic mathematics<\/em>.<em> International Meeting of the STACK Community<\/em>, Leoben. <a href=\"https:\/\/www.authomath.org\/wp-content\/uploads\/2023\/02\/presentation.pdf\">https:\/\/www.authomath.org\/wp-content\/uploads\/2023\/02\/presentation.pdf<\/a><\/p>\n\n\n\n<p>R\u00edos-San-Nicol\u00e1s, \u00c1., Diego-Mantec\u00f3n, J. M., Ortiz-Laso, Z., &amp; Pinkernell, G. (2022 September). The use of STACK for developing problem -posing and -solving skills of future mathematics teachers. <em>CADGME 2022: Digital Tools in Mathematics Education<\/em>.&nbsp;<a href=\"https:\/\/drive.google.com\/file\/d\/1qF4ceMg6gNklOPa1JVkgKND1dOqNmyka\/view\" target=\"_blank\" rel=\"noreferrer noopener\">https:\/\/drive.google.com\/file\/d\/1qF4ceMg6gNklOPa1JVkgKND1dOqNmyka\/view<\/a><\/p>\n\n\n\n<p>R\u00edos-San-Nicol\u00e1s, \u00c1., Diego-Mantec\u00f3n, J. M., Ortiz-Laso, Z., &amp; Pinkernell, G. (2022 December). Designing and Implementing Word Problem in STACK: a study with Potential Secondary Education Mathematics Teachers.<em> Doctoral Students&#8217; Conference: Tradition, Development &amp; Innovation in Didactics<\/em>. <a href=\"http:\/\/sddid.psiedu.ubbcluj.ro\/Abstracts%20TDID-ERC%202022%20EN.pdf\" target=\"_blank\" rel=\"noreferrer noopener\">http:\/\/sddid.psiedu.ubbcluj.ro\/Abstracts%20TDID-ERC%202022%20EN.pdf<\/a><\/p>\n","protected":false},"excerpt":{"rendered":"<p>2024 Sanz-Ruiz, M., Soto-S\u00e1nchez, L. M., Ortiz-Laso, Z., &amp; Diego-Mantec\u00f3n, J. M. (soll im Juni vorgestellt werden). Elaborated feedback for interpreting graphs in Secondary Education. Pinkernell, G. (2024, March). Activating Elements in Formative Feedback: From Receptive to Active Learning with Automated Feedback. STACK Conference 2024, OTH Amberg. (Presentation) 2023 Pinkernell, G. (2023, June). AuthOMath: Towards &hellip; <\/p>\n<p class=\"link-more\"><a href=\"https:\/\/www.authomath.org\/?page_id=74&#038;lang=en\" class=\"more-link\">Continue reading<span class=\"screen-reader-text\"> &#8220;Presentations&#8221;<\/span><\/a><\/p>\n","protected":false},"author":1,"featured_media":0,"parent":0,"menu_order":0,"comment_status":"closed","ping_status":"closed","template":"","meta":{"footnotes":""},"class_list":["post-74","page","type-page","status-publish","hentry"],"_links":{"self":[{"href":"https:\/\/www.authomath.org\/index.php?rest_route=\/wp\/v2\/pages\/74","targetHints":{"allow":["GET"]}}],"collection":[{"href":"https:\/\/www.authomath.org\/index.php?rest_route=\/wp\/v2\/pages"}],"about":[{"href":"https:\/\/www.authomath.org\/index.php?rest_route=\/wp\/v2\/types\/page"}],"author":[{"embeddable":true,"href":"https:\/\/www.authomath.org\/index.php?rest_route=\/wp\/v2\/users\/1"}],"replies":[{"embeddable":true,"href":"https:\/\/www.authomath.org\/index.php?rest_route=%2Fwp%2Fv2%2Fcomments&post=74"}],"version-history":[{"count":20,"href":"https:\/\/www.authomath.org\/index.php?rest_route=\/wp\/v2\/pages\/74\/revisions"}],"predecessor-version":[{"id":2420,"href":"https:\/\/www.authomath.org\/index.php?rest_route=\/wp\/v2\/pages\/74\/revisions\/2420"}],"wp:attachment":[{"href":"https:\/\/www.authomath.org\/index.php?rest_route=%2Fwp%2Fv2%2Fmedia&parent=74"}],"curies":[{"name":"wp","href":"https:\/\/api.w.org\/{rel}","templated":true}]}}