{"id":833,"date":"2023-11-03T09:12:32","date_gmt":"2023-11-03T08:12:32","guid":{"rendered":"https:\/\/www.authomath.org\/?page_id=833"},"modified":"2023-11-03T09:56:16","modified_gmt":"2023-11-03T08:56:16","slug":"heidelberg-university-of-education-coordinator-germany","status":"publish","type":"page","link":"https:\/\/www.authomath.org\/?page_id=833&lang=es","title":{"rendered":"Heidelberg University of Education &#8211; Coordinador (Alemania)"},"content":{"rendered":"\n<p><strong>Qui\u00e9nes somos<\/strong><\/p>\n\n\n\n<div class=\"wp-block-group is-nowrap is-layout-flex wp-container-core-group-is-layout-ad2f72ca wp-block-group-is-layout-flex\">\n<figure class=\"wp-block-image size-large is-resized\"><img loading=\"lazy\" decoding=\"async\" width=\"1024\" height=\"1024\" src=\"http:\/\/www.authomath.org\/wp-content\/uploads\/2022\/12\/guido2011-quadratisch-1024x1024.jpg\" alt=\"\" class=\"wp-image-35\" style=\"width:92px;height:92px\" srcset=\"https:\/\/www.authomath.org\/wp-content\/uploads\/2022\/12\/guido2011-quadratisch-1024x1024.jpg 1024w, https:\/\/www.authomath.org\/wp-content\/uploads\/2022\/12\/guido2011-quadratisch-300x300.jpg 300w, https:\/\/www.authomath.org\/wp-content\/uploads\/2022\/12\/guido2011-quadratisch-150x150.jpg 150w, https:\/\/www.authomath.org\/wp-content\/uploads\/2022\/12\/guido2011-quadratisch-768x768.jpg 768w, https:\/\/www.authomath.org\/wp-content\/uploads\/2022\/12\/guido2011-quadratisch-1536x1536.jpg 1536w, https:\/\/www.authomath.org\/wp-content\/uploads\/2022\/12\/guido2011-quadratisch-100x100.jpg 100w, https:\/\/www.authomath.org\/wp-content\/uploads\/2022\/12\/guido2011-quadratisch.jpg 1935w\" sizes=\"auto, (max-width: 706px) 89vw, (max-width: 767px) 82vw, 740px\" \/><\/figure>\n\n\n\n<p>Dr Guido Pinkernell : <br>Profesor de Matem\u00e1ticas<br>y su Did\u00e1ctica<\/p>\n<\/div>\n\n\n\n<div class=\"wp-block-group is-nowrap is-layout-flex wp-container-core-group-is-layout-ad2f72ca wp-block-group-is-layout-flex\">\n<figure class=\"wp-block-image size-full is-resized\"><img loading=\"lazy\" decoding=\"async\" width=\"788\" height=\"1024\" src=\"https:\/\/www.authomath.org\/wp-content\/uploads\/2023\/02\/Lutz-Tim.jpeg\" alt=\"\" class=\"wp-image-352\" style=\"width:90px;height:116px\" srcset=\"https:\/\/www.authomath.org\/wp-content\/uploads\/2023\/02\/Lutz-Tim.jpeg 788w, https:\/\/www.authomath.org\/wp-content\/uploads\/2023\/02\/Lutz-Tim-231x300.jpeg 231w, https:\/\/www.authomath.org\/wp-content\/uploads\/2023\/02\/Lutz-Tim-768x998.jpeg 768w\" sizes=\"auto, (max-width: 706px) 89vw, (max-width: 767px) 82vw, 740px\" \/><\/figure>\n\n\n\n<p>Dr Tim Lutz<br>Programador<\/p>\n<\/div>\n\n\n\n<div class=\"wp-block-group is-nowrap is-layout-flex wp-container-core-group-is-layout-ad2f72ca wp-block-group-is-layout-flex\">\n<figure class=\"wp-block-image size-full is-resized\"><img loading=\"lazy\" decoding=\"async\" width=\"295\" height=\"304\" src=\"http:\/\/www.authomath.org\/wp-content\/uploads\/2022\/12\/Foto4.jpg\" alt=\"\" class=\"wp-image-152\" style=\"width:91px;height:94px\" srcset=\"https:\/\/www.authomath.org\/wp-content\/uploads\/2022\/12\/Foto4.jpg 295w, https:\/\/www.authomath.org\/wp-content\/uploads\/2022\/12\/Foto4-291x300.jpg 291w\" sizes=\"auto, (max-width: 295px) 100vw, 295px\" \/><\/figure>\n\n\n\n<p>Gunter Ehret :<br> Profesor en pr\u00e1cticas, asistente de investigaci\u00f3n<\/p>\n\n\n\n<div class=\"wp-block-group is-nowrap is-layout-flex wp-container-core-group-is-layout-ad2f72ca wp-block-group-is-layout-flex\">\n<div class=\"wp-block-group is-nowrap is-layout-flex wp-container-core-group-is-layout-ad2f72ca wp-block-group-is-layout-flex\"><\/div>\n<\/div>\n<\/div>\n\n\n\n<figure class=\"wp-block-gallery has-nested-images columns-default is-cropped wp-block-gallery-1 is-layout-flex wp-block-gallery-is-layout-flex\"><\/figure>\n\n\n\n<p><strong>Qu\u00e9 hacemos<\/strong><\/p>\n\n\n\n<ul class=\"wp-block-list\">\n<li>Realizaci\u00f3n y evaluaci\u00f3n de seminarios con estudiantes de magisterio<br>desarrollo de tareas digitales para su implementaci\u00f3n en STACK y GeoGebra<\/li>\n\n\n\n<li>y, por supuesto, gestionar el proyecto<\/li>\n<\/ul>\n\n\n\n<p><strong>Lo que hemos conseguido hasta ahora<\/strong><\/p>\n\n\n\n<ul class=\"wp-block-list\">\n<li>Un primer borrador de lo que podr\u00eda ser un concepto DiCo: <a href=\"https:\/\/www.authomath.org\/?page_id=100\" data-type=\"page\" data-id=\"100\">Haga clic aqu\u00ed<\/a><\/li>\n<\/ul>\n\n\n\n<p><\/p>\n","protected":false},"excerpt":{"rendered":"<p>Qui\u00e9nes somos Dr Guido Pinkernell : Profesor de Matem\u00e1ticasy su Did\u00e1ctica Dr Tim LutzProgramador Gunter Ehret : Profesor en pr\u00e1cticas, asistente de investigaci\u00f3n Qu\u00e9 hacemos Lo que hemos conseguido hasta ahora<\/p>\n","protected":false},"author":1,"featured_media":0,"parent":0,"menu_order":0,"comment_status":"closed","ping_status":"closed","template":"","meta":{"footnotes":""},"class_list":["post-833","page","type-page","status-publish","hentry"],"_links":{"self":[{"href":"https:\/\/www.authomath.org\/index.php?rest_route=\/wp\/v2\/pages\/833","targetHints":{"allow":["GET"]}}],"collection":[{"href":"https:\/\/www.authomath.org\/index.php?rest_route=\/wp\/v2\/pages"}],"about":[{"href":"https:\/\/www.authomath.org\/index.php?rest_route=\/wp\/v2\/types\/page"}],"author":[{"embeddable":true,"href":"https:\/\/www.authomath.org\/index.php?rest_route=\/wp\/v2\/users\/1"}],"replies":[{"embeddable":true,"href":"https:\/\/www.authomath.org\/index.php?rest_route=%2Fwp%2Fv2%2Fcomments&post=833"}],"version-history":[{"count":4,"href":"https:\/\/www.authomath.org\/index.php?rest_route=\/wp\/v2\/pages\/833\/revisions"}],"predecessor-version":[{"id":959,"href":"https:\/\/www.authomath.org\/index.php?rest_route=\/wp\/v2\/pages\/833\/revisions\/959"}],"wp:attachment":[{"href":"https:\/\/www.authomath.org\/index.php?rest_route=%2Fwp%2Fv2%2Fmedia&parent=833"}],"curies":[{"name":"wp","href":"https:\/\/api.w.org\/{rel}","templated":true}]}}