{"id":855,"date":"2023-11-03T09:22:49","date_gmt":"2023-11-03T08:22:49","guid":{"rendered":"https:\/\/www.authomath.org\/?page_id=855"},"modified":"2023-11-06T10:48:22","modified_gmt":"2023-11-06T09:48:22","slug":"johannes-kepler-universitat-linz-osterreich","status":"publish","type":"page","link":"https:\/\/www.authomath.org\/?page_id=855","title":{"rendered":"Johannes Kepler Universit\u00e4t Linz (\u00d6sterreich)"},"content":{"rendered":"\n<p><strong>Wer wir sind<\/strong><\/p>\n\n\n\n<div class=\"wp-block-group is-nowrap is-layout-flex wp-container-core-group-is-layout-ad2f72ca wp-block-group-is-layout-flex\">\n<figure class=\"wp-block-image size-full is-resized is-style-default\"><img loading=\"lazy\" decoding=\"async\" width=\"330\" height=\"377\" src=\"https:\/\/www.authomath.org\/wp-content\/uploads\/2023\/02\/zsolt.webp\" alt=\"\" class=\"wp-image-359\" style=\"width:102px;height:115px\" srcset=\"https:\/\/www.authomath.org\/wp-content\/uploads\/2023\/02\/zsolt.webp 330w, https:\/\/www.authomath.org\/wp-content\/uploads\/2023\/02\/zsolt-263x300.webp 263w\" sizes=\"auto, (max-width: 330px) 100vw, 330px\" \/><\/figure>\n\n\n\n<p>Zsolt Lavicza<br>Professor f\u00fcr Forschungsmethoden in der STEAM-Bildung<\/p>\n<\/div>\n\n\n\n<div class=\"wp-block-group is-nowrap is-layout-flex wp-container-core-group-is-layout-ad2f72ca wp-block-group-is-layout-flex\">\n<figure class=\"wp-block-image size-large is-resized\"><img loading=\"lazy\" decoding=\"async\" width=\"814\" height=\"1024\" src=\"https:\/\/www.authomath.org\/wp-content\/uploads\/2023\/02\/IMG_2248-814x1024.jpeg\" alt=\"\" class=\"wp-image-360\" style=\"width:102px;height:123px\" srcset=\"https:\/\/www.authomath.org\/wp-content\/uploads\/2023\/02\/IMG_2248-814x1024.jpeg 814w, https:\/\/www.authomath.org\/wp-content\/uploads\/2023\/02\/IMG_2248-239x300.jpeg 239w, https:\/\/www.authomath.org\/wp-content\/uploads\/2023\/02\/IMG_2248-768x966.jpeg 768w, https:\/\/www.authomath.org\/wp-content\/uploads\/2023\/02\/IMG_2248-1222x1536.jpeg 1222w, https:\/\/www.authomath.org\/wp-content\/uploads\/2023\/02\/IMG_2248.jpeg 1454w\" sizes=\"auto, (max-width: 706px) 89vw, (max-width: 767px) 82vw, 740px\" \/><\/figure>\n\n\n\n<p>Mathias Tejera<br>Wissenschaftlicher Assistent<\/p>\n<\/div>\n\n\n\n<p><br><strong>Was wir machen<\/strong><\/p>\n\n\n\n<p>Erarbeitung von Konzepten f\u00fcr den \u00f6ffentlichen Zugang zum Server sowie f\u00fcr verschiedene Verbreitungskan\u00e4le<br>Organisation und Durchf\u00fchrung einer <em>Lern-, Lehr- und Ausbildungsaktivit\u00e4t<\/em> (internationaler Studentenaustausch)<\/p>\n\n\n\n<p><strong>Was wir bisher erreicht haben<\/strong><\/p>\n\n\n\n<p>wir haben zwei Social-Media-Plattformen f\u00fcr das Projekt auf Twitter und Facebook er\u00f6ffnet<br>wir haben das Projektlogo entwickelt<\/p>\n","protected":false},"excerpt":{"rendered":"<p>Wer wir sind Zsolt LaviczaProfessor f\u00fcr Forschungsmethoden in der STEAM-Bildung Mathias TejeraWissenschaftlicher Assistent Was wir machen Erarbeitung von Konzepten f\u00fcr den \u00f6ffentlichen Zugang zum Server sowie f\u00fcr verschiedene Verbreitungskan\u00e4leOrganisation und Durchf\u00fchrung einer Lern-, Lehr- und Ausbildungsaktivit\u00e4t (internationaler Studentenaustausch) Was wir bisher erreicht haben wir haben zwei Social-Media-Plattformen f\u00fcr das Projekt auf Twitter und Facebook er\u00f6ffnetwir &hellip; <\/p>\n<p class=\"link-more\"><a href=\"https:\/\/www.authomath.org\/?page_id=855\" class=\"more-link\">Continue reading<span class=\"screen-reader-text\"> &#8220;Johannes Kepler Universit\u00e4t Linz (\u00d6sterreich)&#8221;<\/span><\/a><\/p>\n","protected":false},"author":1,"featured_media":0,"parent":0,"menu_order":0,"comment_status":"closed","ping_status":"closed","template":"","meta":{"footnotes":""},"class_list":["post-855","page","type-page","status-publish","hentry"],"_links":{"self":[{"href":"https:\/\/www.authomath.org\/index.php?rest_route=\/wp\/v2\/pages\/855","targetHints":{"allow":["GET"]}}],"collection":[{"href":"https:\/\/www.authomath.org\/index.php?rest_route=\/wp\/v2\/pages"}],"about":[{"href":"https:\/\/www.authomath.org\/index.php?rest_route=\/wp\/v2\/types\/page"}],"author":[{"embeddable":true,"href":"https:\/\/www.authomath.org\/index.php?rest_route=\/wp\/v2\/users\/1"}],"replies":[{"embeddable":true,"href":"https:\/\/www.authomath.org\/index.php?rest_route=%2Fwp%2Fv2%2Fcomments&post=855"}],"version-history":[{"count":4,"href":"https:\/\/www.authomath.org\/index.php?rest_route=\/wp\/v2\/pages\/855\/revisions"}],"predecessor-version":[{"id":1239,"href":"https:\/\/www.authomath.org\/index.php?rest_route=\/wp\/v2\/pages\/855\/revisions\/1239"}],"wp:attachment":[{"href":"https:\/\/www.authomath.org\/index.php?rest_route=%2Fwp%2Fv2%2Fmedia&parent=855"}],"curies":[{"name":"wp","href":"https:\/\/api.w.org\/{rel}","templated":true}]}}