{"id":886,"date":"2023-11-03T09:36:29","date_gmt":"2023-11-03T08:36:29","guid":{"rendered":"https:\/\/www.authomath.org\/?page_id=886"},"modified":"2023-11-04T13:51:36","modified_gmt":"2023-11-04T12:51:36","slug":"resultados-del-proyecto","status":"publish","type":"page","link":"https:\/\/www.authomath.org\/?page_id=886&lang=es","title":{"rendered":"Resultados del proyecto"},"content":{"rendered":"\n<p>El proyecto AuthOMath persigue tres objetivos principales:<\/p>\n\n\n\n<h6 class=\"wp-block-heading\">1.\u00a0<a href=\"https:\/\/www.authomath.org\/?page_id=904&amp;lang=es\">AuTo<\/a><\/h6>\n\n\n\n<p>Permitir una f\u00e1cil implementaci\u00f3n de una tarea matem\u00e1tica en STACK que involucre retroalimentaci\u00f3n y applets de GeoGebra.<\/p>\n\n\n\n<h6 class=\"wp-block-heading\">2.\u00a0<a href=\"https:\/\/www.authomath.org\/?page_id=898&amp;lang=es\">DiCo<\/a><\/h6>\n\n\n\n<p>Proporcionar un concepto did\u00e1ctico para el dise\u00f1o de tareas matem\u00e1ticas digitales interactivas y multimodales con retroalimentaci\u00f3n adaptativa.<\/p>\n\n\n\n<h6 class=\"wp-block-heading\">3. Web\u00a0<a href=\"https:\/\/www.authomath.org\/?page_id=892&amp;lang=es\">authomath.org<\/a><\/h6>\n\n\n\n<p>Proporcionar una plataforma en l\u00ednea para el dise\u00f1o de tareas matem\u00e1ticas digitales para su uso en la formaci\u00f3n del profesorado.<\/p>\n","protected":false},"excerpt":{"rendered":"<p>El proyecto AuthOMath persigue tres objetivos principales: 1.\u00a0AuTo Permitir una f\u00e1cil implementaci\u00f3n de una tarea matem\u00e1tica en STACK que involucre retroalimentaci\u00f3n y applets de GeoGebra. 2.\u00a0DiCo Proporcionar un concepto did\u00e1ctico para el dise\u00f1o de tareas matem\u00e1ticas digitales interactivas y multimodales con retroalimentaci\u00f3n adaptativa. 3. Web\u00a0authomath.org Proporcionar una plataforma en l\u00ednea para el dise\u00f1o de tareas &hellip; <\/p>\n<p class=\"link-more\"><a href=\"https:\/\/www.authomath.org\/?page_id=886&#038;lang=es\" class=\"more-link\">Continue reading<span class=\"screen-reader-text\"> &#8220;Resultados del proyecto&#8221;<\/span><\/a><\/p>\n","protected":false},"author":3,"featured_media":0,"parent":0,"menu_order":0,"comment_status":"closed","ping_status":"closed","template":"","meta":{"footnotes":""},"class_list":["post-886","page","type-page","status-publish","hentry"],"_links":{"self":[{"href":"https:\/\/www.authomath.org\/index.php?rest_route=\/wp\/v2\/pages\/886","targetHints":{"allow":["GET"]}}],"collection":[{"href":"https:\/\/www.authomath.org\/index.php?rest_route=\/wp\/v2\/pages"}],"about":[{"href":"https:\/\/www.authomath.org\/index.php?rest_route=\/wp\/v2\/types\/page"}],"author":[{"embeddable":true,"href":"https:\/\/www.authomath.org\/index.php?rest_route=\/wp\/v2\/users\/3"}],"replies":[{"embeddable":true,"href":"https:\/\/www.authomath.org\/index.php?rest_route=%2Fwp%2Fv2%2Fcomments&post=886"}],"version-history":[{"count":4,"href":"https:\/\/www.authomath.org\/index.php?rest_route=\/wp\/v2\/pages\/886\/revisions"}],"predecessor-version":[{"id":1226,"href":"https:\/\/www.authomath.org\/index.php?rest_route=\/wp\/v2\/pages\/886\/revisions\/1226"}],"wp:attachment":[{"href":"https:\/\/www.authomath.org\/index.php?rest_route=%2Fwp%2Fv2%2Fmedia&parent=886"}],"curies":[{"name":"wp","href":"https:\/\/api.w.org\/{rel}","templated":true}]}}