{"id":892,"date":"2023-11-03T09:37:46","date_gmt":"2023-11-03T08:37:46","guid":{"rendered":"https:\/\/www.authomath.org\/?page_id=892"},"modified":"2024-07-23T07:15:10","modified_gmt":"2024-07-23T06:15:10","slug":"resultado-del-proyecto-3-authomath-org","status":"publish","type":"page","link":"https:\/\/www.authomath.org\/?page_id=892&lang=es","title":{"rendered":"Resultado del proyecto 3: AuthOMath"},"content":{"rendered":"\n<p>Das dritte Ergebnis des Projekts hei\u00dft so wie das Projekt selbst und ist der \u00f6ffentliche Zugang zu AuTo und DiCo.<\/p>\n\n\n\n<p>Je nach Interesse k\u00f6nnen Sie AuthOMath wie folgt nutzen:<\/p>\n\n\n\n<p class=\"has-text-align-center\">Inform &#8211; Try &#8211; Tinker &#8211; Use &#8211; Create. <\/p>\n\n\n\n<p>Hier geht es los: <a href=\"https:\/\/stack.authomath.org\/\" data-type=\"link\" data-id=\"https:\/\/stack.authomath.org\/my\/\" target=\"_blank\" rel=\"noreferrer noopener\">Click<\/a><\/p>\n\n\n\n<p><\/p>\n","protected":false},"excerpt":{"rendered":"<p>Das dritte Ergebnis des Projekts hei\u00dft so wie das Projekt selbst und ist der \u00f6ffentliche Zugang zu AuTo und DiCo. Je nach Interesse k\u00f6nnen Sie AuthOMath wie folgt nutzen: Inform &#8211; Try &#8211; Tinker &#8211; Use &#8211; Create. Hier geht es los: Click<\/p>\n","protected":false},"author":3,"featured_media":0,"parent":0,"menu_order":0,"comment_status":"closed","ping_status":"closed","template":"","meta":{"footnotes":""},"class_list":["post-892","page","type-page","status-publish","hentry"],"_links":{"self":[{"href":"https:\/\/www.authomath.org\/index.php?rest_route=\/wp\/v2\/pages\/892","targetHints":{"allow":["GET"]}}],"collection":[{"href":"https:\/\/www.authomath.org\/index.php?rest_route=\/wp\/v2\/pages"}],"about":[{"href":"https:\/\/www.authomath.org\/index.php?rest_route=\/wp\/v2\/types\/page"}],"author":[{"embeddable":true,"href":"https:\/\/www.authomath.org\/index.php?rest_route=\/wp\/v2\/users\/3"}],"replies":[{"embeddable":true,"href":"https:\/\/www.authomath.org\/index.php?rest_route=%2Fwp%2Fv2%2Fcomments&post=892"}],"version-history":[{"count":14,"href":"https:\/\/www.authomath.org\/index.php?rest_route=\/wp\/v2\/pages\/892\/revisions"}],"predecessor-version":[{"id":2314,"href":"https:\/\/www.authomath.org\/index.php?rest_route=\/wp\/v2\/pages\/892\/revisions\/2314"}],"wp:attachment":[{"href":"https:\/\/www.authomath.org\/index.php?rest_route=%2Fwp%2Fv2%2Fmedia&parent=892"}],"curies":[{"name":"wp","href":"https:\/\/api.w.org\/{rel}","templated":true}]}}