{"id":904,"date":"2023-11-03T09:40:43","date_gmt":"2023-11-03T08:40:43","guid":{"rendered":"https:\/\/www.authomath.org\/?page_id=904"},"modified":"2024-07-20T14:35:19","modified_gmt":"2024-07-20T13:35:19","slug":"resultado-del-proyecto-1-auto","status":"publish","type":"page","link":"https:\/\/www.authomath.org\/?page_id=904&lang=es","title":{"rendered":"Resultado del proyecto 1: AuTo"},"content":{"rendered":"\n\n<p>El primer objetivo era proporcionar una herramienta de autor basada en Moodle <strong>(AuTo<\/strong>) para tareas matem\u00e1ticas multimodales aleatorias interactivas y din\u00e1micas con retroalimentaci\u00f3n adaptativa autom\u00e1tica.<\/p>\n\n\n\n\n\n<p>Para ello, el plugin STACK de Moodle se ampli\u00f3 para permitir applets GeoGebra en preguntas matem\u00e1ticas. Esto significa que los applets pueden ser aleatorizados como elementos gen\u00e9ricos de STACK y pueden aparecer tanto en la tarea como en el \u00e1rea de retroalimentaci\u00f3n.<\/p>\n\n\n\n\n\n<figure class=\"wp-block-image size-large\"><img loading=\"lazy\" decoding=\"async\" width=\"1024\" height=\"393\" src=\"https:\/\/www.authomath.org\/wp-content\/uploads\/2023\/10\/AuTo-1024x393.png\" alt=\"\" class=\"wp-image-650\" srcset=\"https:\/\/www.authomath.org\/wp-content\/uploads\/2023\/10\/AuTo-1024x393.png 1024w, https:\/\/www.authomath.org\/wp-content\/uploads\/2023\/10\/AuTo-300x115.png 300w, https:\/\/www.authomath.org\/wp-content\/uploads\/2023\/10\/AuTo-768x295.png 768w, https:\/\/www.authomath.org\/wp-content\/uploads\/2023\/10\/AuTo-1536x590.png 1536w, https:\/\/www.authomath.org\/wp-content\/uploads\/2023\/10\/AuTo-2048x787.png 2048w\" sizes=\"auto, (max-width: 706px) 89vw, (max-width: 767px) 82vw, 740px\" \/><\/figure>\n\n\n\n\n\n<p> <\/p>\n\n\n\n\n\n<p>El c\u00f3digo forma parte del plugin STACK de moodle desde la versi\u00f3n 4.5. Desc\u00e1rguelo aqu\u00ed: <a href=\"https:\/\/moodle.org\/plugins\/qtype_stack\" data-type=\"link\" data-id=\"https:\/\/moodle.org\/plugins\/qtype_stack\" target=\"_blank\" rel=\"noreferrer noopener\">Haga clic en<\/a><\/p>\n\n\n\n\n\n<p><\/p>\n\n","protected":false},"excerpt":{"rendered":"<p>El primer objetivo era proporcionar una herramienta de autor basada en Moodle (AuTo) para tareas matem\u00e1ticas multimodales aleatorias interactivas y din\u00e1micas con retroalimentaci\u00f3n adaptativa autom\u00e1tica. Para ello, el plugin STACK de Moodle se ampli\u00f3 para permitir applets GeoGebra en preguntas matem\u00e1ticas. Esto significa que los applets pueden ser aleatorizados como elementos gen\u00e9ricos de STACK y &hellip; <\/p>\n<p class=\"link-more\"><a href=\"https:\/\/www.authomath.org\/?page_id=904&#038;lang=es\" class=\"more-link\">Continue reading<span class=\"screen-reader-text\"> &#8220;Resultado del proyecto 1: AuTo&#8221;<\/span><\/a><\/p>\n","protected":false},"author":3,"featured_media":0,"parent":0,"menu_order":0,"comment_status":"closed","ping_status":"closed","template":"","meta":{"footnotes":""},"class_list":["post-904","page","type-page","status-publish","hentry"],"_links":{"self":[{"href":"https:\/\/www.authomath.org\/index.php?rest_route=\/wp\/v2\/pages\/904","targetHints":{"allow":["GET"]}}],"collection":[{"href":"https:\/\/www.authomath.org\/index.php?rest_route=\/wp\/v2\/pages"}],"about":[{"href":"https:\/\/www.authomath.org\/index.php?rest_route=\/wp\/v2\/types\/page"}],"author":[{"embeddable":true,"href":"https:\/\/www.authomath.org\/index.php?rest_route=\/wp\/v2\/users\/3"}],"replies":[{"embeddable":true,"href":"https:\/\/www.authomath.org\/index.php?rest_route=%2Fwp%2Fv2%2Fcomments&post=904"}],"version-history":[{"count":6,"href":"https:\/\/www.authomath.org\/index.php?rest_route=\/wp\/v2\/pages\/904\/revisions"}],"predecessor-version":[{"id":2275,"href":"https:\/\/www.authomath.org\/index.php?rest_route=\/wp\/v2\/pages\/904\/revisions\/2275"}],"wp:attachment":[{"href":"https:\/\/www.authomath.org\/index.php?rest_route=%2Fwp%2Fv2%2Fmedia&parent=904"}],"curies":[{"name":"wp","href":"https:\/\/api.w.org\/{rel}","templated":true}]}}