{"id":917,"date":"2023-11-03T09:45:59","date_gmt":"2023-11-03T08:45:59","guid":{"rendered":"https:\/\/www.authomath.org\/?page_id=917"},"modified":"2024-07-20T14:35:47","modified_gmt":"2024-07-20T13:35:47","slug":"projektergebnis-1-auto","status":"publish","type":"page","link":"https:\/\/www.authomath.org\/?page_id=917","title":{"rendered":"Projektergebnis 1: AuTo"},"content":{"rendered":"\n<p>Das erste Ziel war die Bereitstellung eines Moodle-basierten Autorentools <strong>(AuTo<\/strong>) f\u00fcr randomisierte interaktive und dynamische multimodale mathematische Aufgaben mit automatischem adaptivem Feedback.<\/p>\n\n\n\n<p>Zu diesem Zweck wurde das Moodle-Plugin STACK erweitert, um GeoGebra-Applets in mathematischen Fragen zu erm\u00f6glichen. Das bedeutet, dass Applets wie generische STACK-Elemente randomisiert werden k\u00f6nnen und sowohl in der Aufgabe als auch im Feedback-Bereich erscheinen k\u00f6nnen.<\/p>\n\n\n\n<figure class=\"wp-block-image size-large\"><img loading=\"lazy\" decoding=\"async\" width=\"1024\" height=\"393\" src=\"https:\/\/www.authomath.org\/wp-content\/uploads\/2023\/10\/AuTo-1024x393.png\" alt=\"\" class=\"wp-image-650\" srcset=\"https:\/\/www.authomath.org\/wp-content\/uploads\/2023\/10\/AuTo-1024x393.png 1024w, https:\/\/www.authomath.org\/wp-content\/uploads\/2023\/10\/AuTo-300x115.png 300w, https:\/\/www.authomath.org\/wp-content\/uploads\/2023\/10\/AuTo-768x295.png 768w, https:\/\/www.authomath.org\/wp-content\/uploads\/2023\/10\/AuTo-1536x590.png 1536w, https:\/\/www.authomath.org\/wp-content\/uploads\/2023\/10\/AuTo-2048x787.png 2048w\" sizes=\"auto, (max-width: 706px) 89vw, (max-width: 767px) 82vw, 740px\" \/><\/figure>\n\n\n\n<p> <\/p>\n\n\n\n<p>Der Code ist seit Version 4.5 Teil des moodle-Plugins STACK. Download hier: <a href=\"https:\/\/moodle.org\/plugins\/qtype_stack\" data-type=\"link\" data-id=\"https:\/\/moodle.org\/plugins\/qtype_stack\" target=\"_blank\" rel=\"noreferrer noopener\">Click<\/a><\/p>\n\n\n\n<p><\/p>\n","protected":false},"excerpt":{"rendered":"<p>Das erste Ziel war die Bereitstellung eines Moodle-basierten Autorentools (AuTo) f\u00fcr randomisierte interaktive und dynamische multimodale mathematische Aufgaben mit automatischem adaptivem Feedback. Zu diesem Zweck wurde das Moodle-Plugin STACK erweitert, um GeoGebra-Applets in mathematischen Fragen zu erm\u00f6glichen. Das bedeutet, dass Applets wie generische STACK-Elemente randomisiert werden k\u00f6nnen und sowohl in der Aufgabe als auch im &hellip; <\/p>\n<p class=\"link-more\"><a href=\"https:\/\/www.authomath.org\/?page_id=917\" class=\"more-link\">Continue reading<span class=\"screen-reader-text\"> &#8220;Projektergebnis 1: AuTo&#8221;<\/span><\/a><\/p>\n","protected":false},"author":1,"featured_media":0,"parent":0,"menu_order":0,"comment_status":"closed","ping_status":"closed","template":"","meta":{"footnotes":""},"class_list":["post-917","page","type-page","status-publish","hentry"],"_links":{"self":[{"href":"https:\/\/www.authomath.org\/index.php?rest_route=\/wp\/v2\/pages\/917","targetHints":{"allow":["GET"]}}],"collection":[{"href":"https:\/\/www.authomath.org\/index.php?rest_route=\/wp\/v2\/pages"}],"about":[{"href":"https:\/\/www.authomath.org\/index.php?rest_route=\/wp\/v2\/types\/page"}],"author":[{"embeddable":true,"href":"https:\/\/www.authomath.org\/index.php?rest_route=\/wp\/v2\/users\/1"}],"replies":[{"embeddable":true,"href":"https:\/\/www.authomath.org\/index.php?rest_route=%2Fwp%2Fv2%2Fcomments&post=917"}],"version-history":[{"count":7,"href":"https:\/\/www.authomath.org\/index.php?rest_route=\/wp\/v2\/pages\/917\/revisions"}],"predecessor-version":[{"id":2277,"href":"https:\/\/www.authomath.org\/index.php?rest_route=\/wp\/v2\/pages\/917\/revisions\/2277"}],"wp:attachment":[{"href":"https:\/\/www.authomath.org\/index.php?rest_route=%2Fwp%2Fv2%2Fmedia&parent=917"}],"curies":[{"name":"wp","href":"https:\/\/api.w.org\/{rel}","templated":true}]}}