{"id":940,"date":"2023-11-03T09:51:36","date_gmt":"2023-11-03T08:51:36","guid":{"rendered":"https:\/\/www.authomath.org\/?page_id=940"},"modified":"2023-11-03T23:06:54","modified_gmt":"2023-11-03T22:06:54","slug":"ltta-en-linz","status":"publish","type":"page","link":"https:\/\/www.authomath.org\/?page_id=940&lang=es","title":{"rendered":"LTTA en Linz"},"content":{"rendered":"\n<p><strong>Intercambio internacional de estudiantes en el marco de AuthOMath<\/strong><\/p>\n\n\n\n<figure class=\"wp-block-image size-large\"><img decoding=\"async\" src=\"https:\/\/www.authomath.org\/wp-content\/uploads\/2023\/07\/4032-3024K-1024x335.jpg\" alt=\"\" class=\"wp-image-441\"\/><\/figure>\n\n\n\n<p>Del 4. al 7 de julio, estudiantes de matem\u00e1ticas y futuros profesores de matem\u00e1ticas de la <em>Universidad de Educaci\u00f3n de Heidelberg<\/em>,<em> la Universidad de Cantabria<\/em> y la<em> Universidad de Edimburgo<\/em> viajaron a Linz, donde se reunieron con compa\u00f1eros de la Facultad de Educaci\u00f3n de la <em>Universidad Johannes Kepler<\/em>.<\/p>\n\n\n\n<div class=\"wp-block-group is-nowrap is-layout-flex wp-container-core-group-is-layout-ad2f72ca wp-block-group-is-layout-flex\">\n<div class=\"wp-block-group is-nowrap is-layout-flex wp-container-core-group-is-layout-ad2f72ca wp-block-group-is-layout-flex\">\n<figure class=\"wp-block-image size-large\"><a href=\"https:\/\/www.authomath.org\/wp-content\/uploads\/2023\/07\/4096-3072-scaled.jpg\"><img loading=\"lazy\" decoding=\"async\" width=\"1024\" height=\"768\" src=\"https:\/\/www.authomath.org\/wp-content\/uploads\/2023\/07\/4096-3072-scaled-1024x768.jpg\" alt=\"\" class=\"wp-image-428\" srcset=\"https:\/\/www.authomath.org\/wp-content\/uploads\/2023\/07\/4096-3072-scaled-1024x768.jpg 1024w, https:\/\/www.authomath.org\/wp-content\/uploads\/2023\/07\/4096-3072-scaled-300x225.jpg 300w, https:\/\/www.authomath.org\/wp-content\/uploads\/2023\/07\/4096-3072-768x576.jpg 768w, https:\/\/www.authomath.org\/wp-content\/uploads\/2023\/07\/4096-3072-scaled-1536x1152.jpg 1536w, https:\/\/www.authomath.org\/wp-content\/uploads\/2023\/07\/4096-3072-scaled-2048x1536.jpg 2048w\" sizes=\"auto, (max-width: 706px) 89vw, (max-width: 767px) 82vw, 740px\" \/><\/a><\/figure>\n<\/div>\n\n\n\n<p>Mathias Tejera, miembro del proyecto y organizador del encuentro en la JKU de Linz, cre\u00f3 un programa ambicioso.<\/p>\n<\/div>\n\n\n\n<div class=\"wp-block-group is-nowrap is-layout-flex wp-container-core-group-is-layout-ad2f72ca wp-block-group-is-layout-flex\">\n<div class=\"wp-block-group is-nowrap is-layout-flex wp-container-core-group-is-layout-ad2f72ca wp-block-group-is-layout-flex\">\n<div class=\"wp-block-group is-nowrap is-layout-flex wp-container-core-group-is-layout-ad2f72ca wp-block-group-is-layout-flex\">\n<div class=\"wp-block-group is-nowrap is-layout-flex wp-container-core-group-is-layout-ad2f72ca wp-block-group-is-layout-flex\">\n<p><br>El primer d\u00eda, que ofreci\u00f3 a los estudiantes la oportunidad de intercambiar intereses, el Prof. Dr. Pinkernell present\u00f3 el proyecto AuthOMath a los estudiantes y les permiti\u00f3 trabajar con tareas de ejemplo que ilustraban diversas posibilidades de combinar STACK y GeoGebra.<\/p>\n\n\n\n<div class=\"wp-block-group is-nowrap is-layout-flex wp-container-core-group-is-layout-ad2f72ca wp-block-group-is-layout-flex\">\n<figure class=\"wp-block-image size-large\"><a href=\"https:\/\/www.authomath.org\/wp-content\/uploads\/2023\/07\/4032-3024-max-scaled.jpg\"><img decoding=\"async\" src=\"https:\/\/www.authomath.org\/wp-content\/uploads\/2023\/07\/4032-3024-max-1024x768.jpg\" alt=\"\" class=\"wp-image-425\"\/><\/a><\/figure>\n<\/div>\n<\/div>\n<\/div>\n<\/div>\n<\/div>\n\n\n\n<div class=\"wp-block-group is-nowrap is-layout-flex wp-container-core-group-is-layout-ad2f72ca wp-block-group-is-layout-flex\">\n<figure class=\"wp-block-image size-large\"><a href=\"https:\/\/www.authomath.org\/wp-content\/uploads\/2023\/07\/4000-3001-scaled.jpg\"><img decoding=\"async\" src=\"https:\/\/www.authomath.org\/wp-content\/uploads\/2023\/07\/4000-3001-1024x768.jpg\" alt=\"\" class=\"wp-image-463\"\/><\/a><\/figure>\n\n\n\n<p><br>La tarde la abrieron los estudiantes de la UC Mar\u00eda Sanz-Ruiz y Luis Miguel Soto S\u00e1nchez, que informaron sobre los resultados del uso de la retroalimentaci\u00f3n formativa en diferentes tareas matem\u00e1ticas.<\/p>\n\n\n\n<figure class=\"wp-block-image size-large\"><a href=\"https:\/\/www.authomath.org\/wp-content\/uploads\/2023\/07\/4000-3002-scaled.jpg\"><img decoding=\"async\" src=\"https:\/\/www.authomath.org\/wp-content\/uploads\/2023\/07\/4000-3002-1024x768.jpg\" alt=\"\" class=\"wp-image-464\"\/><\/a><\/figure>\n<\/div>\n\n\n\n<p><\/p>\n\n\n\n<div class=\"wp-block-group is-nowrap is-layout-flex wp-container-core-group-is-layout-ad2f72ca wp-block-group-is-layout-flex\">\n<figure class=\"wp-block-image size-large\"><a href=\"https:\/\/www.authomath.org\/wp-content\/uploads\/2023\/07\/4032-3024-maxima-1-scaled.jpg\"><img decoding=\"async\" src=\"https:\/\/www.authomath.org\/wp-content\/uploads\/2023\/07\/4032-3024-maxima-1-1024x768.jpg\" alt=\"\" class=\"wp-image-458\"\/><\/a><\/figure>\n\n\n\n<div class=\"wp-block-group is-nowrap is-layout-flex wp-container-core-group-is-layout-ad2f72ca wp-block-group-is-layout-flex\">\n<div class=\"wp-block-group is-nowrap is-layout-flex wp-container-core-group-is-layout-ad2f72ca wp-block-group-is-layout-flex\">\n<p>A continuaci\u00f3n, el Prof. Dr. Pinkernell present\u00f3 un procedimiento estructurado para crear las tareas, teniendo en cuenta la did\u00e1ctica. Al final del trabajo -como en cada uno de los d\u00edas siguientes- hubo un tiempo de diario reflexivo, durante el cual los alumnos reflexionaron sobre sus logros de aprendizaje bas\u00e1ndose en preguntas de impulso.<\/p>\n<\/div>\n<\/div>\n<\/div>\n\n\n\n<p><\/p>\n\n\n\n<div class=\"wp-block-group is-nowrap is-layout-flex wp-container-core-group-is-layout-ad2f72ca wp-block-group-is-layout-flex\">\n<figure class=\"wp-block-image size-large\"><a href=\"https:\/\/www.authomath.org\/wp-content\/uploads\/2023\/07\/4032-3024-maximale-scaled.jpg\"><img decoding=\"async\" src=\"https:\/\/www.authomath.org\/wp-content\/uploads\/2023\/07\/4032-3024-maximale-1024x768.jpg\" alt=\"\" class=\"wp-image-436\"\/><\/a><\/figure>\n\n\n\n<div class=\"wp-block-group is-nowrap is-layout-flex wp-container-core-group-is-layout-ad2f72ca wp-block-group-is-layout-flex\">\n<p>El segundo d\u00eda comenz\u00f3 con una presentaci\u00f3n del Prof. Dr. Hans-Georg Weigand, en la que se aclar\u00f3 la conexi\u00f3n entre las competencias, las ideas b\u00e1sicas y el uso de los medios digitales, y se elaboraron posibles cuestiones de investigaci\u00f3n en este \u00e1mbito.<\/p>\n<\/div>\n<\/div>\n\n\n\n<p>A continuaci\u00f3n se impartieron cursos sobre la creaci\u00f3n de tareas digitales con GeoGebra (Guillermo Bautista, JKU), STACK (Dr. George Kinnear, UoE) y la integraci\u00f3n de ambos programas inform\u00e1ticos (Prof. Dr. Pinkernell, PHHD).<\/p>\n\n\n\n<div class=\"wp-block-group is-nowrap is-layout-flex wp-container-core-group-is-layout-ad2f72ca wp-block-group-is-layout-flex\">\n<div class=\"wp-block-group is-nowrap is-layout-flex wp-container-core-group-is-layout-ad2f72ca wp-block-group-is-layout-flex\">\n<div class=\"wp-block-group is-nowrap is-layout-flex wp-container-core-group-is-layout-ad2f72ca wp-block-group-is-layout-flex\">\n<div class=\"wp-block-group is-nowrap is-layout-flex wp-container-core-group-is-layout-ad2f72ca wp-block-group-is-layout-flex\">\n<div class=\"wp-block-group is-nowrap is-layout-flex wp-container-core-group-is-layout-ad2f72ca wp-block-group-is-layout-flex\"><\/div>\n<\/div>\n<\/div>\n\n\n\n<p>Por \u00faltimo, se inici\u00f3 una fase de trabajo en grupo en la que los estudiantes deb\u00edan desarrollar sus propias ideas para dise\u00f1ar una tarea digital, con integrantes de todas las universidad en cada grupo de trabajo. Adem\u00e1s de fomentar el intercambio, se aprovecharon de este modo los efectos de sinergia, ya que los estudiantes aportaban conocimientos especializados en distintas \u00e1reas.<\/p>\n<\/div>\n\n\n\n<div class=\"wp-block-group is-nowrap is-layout-flex wp-container-core-group-is-layout-ad2f72ca wp-block-group-is-layout-flex\">\n<figure class=\"wp-block-image size-large\"><a href=\"https:\/\/www.authomath.org\/wp-content\/uploads\/2023\/07\/4000-3000-max-scaled.jpg\"><img decoding=\"async\" src=\"https:\/\/www.authomath.org\/wp-content\/uploads\/2023\/07\/4000-3000-max-1024x768.jpg\" alt=\"\" class=\"wp-image-431\"\/><\/a><\/figure>\n<\/div>\n<\/div>\n\n\n\n<p><\/p>\n\n\n\n<div class=\"wp-block-group is-nowrap is-layout-flex wp-container-core-group-is-layout-ad2f72ca wp-block-group-is-layout-flex\">\n<div class=\"wp-block-group is-nowrap is-layout-flex wp-container-core-group-is-layout-ad2f72ca wp-block-group-is-layout-flex\">\n<div class=\"wp-block-group is-nowrap is-layout-flex wp-container-core-group-is-layout-ad2f72ca wp-block-group-is-layout-flex\">\n<figure class=\"wp-block-image size-large\"><a href=\"https:\/\/www.authomath.org\/wp-content\/uploads\/2023\/07\/1024-1365.jpg\"><img loading=\"lazy\" decoding=\"async\" width=\"768\" height=\"1024\" src=\"https:\/\/www.authomath.org\/wp-content\/uploads\/2023\/07\/1024-1365-768x1024.jpg\" alt=\"\" class=\"wp-image-422\" srcset=\"https:\/\/www.authomath.org\/wp-content\/uploads\/2023\/07\/1024-1365-768x1024.jpg 768w, https:\/\/www.authomath.org\/wp-content\/uploads\/2023\/07\/1024-1365-225x300.jpg 225w, https:\/\/www.authomath.org\/wp-content\/uploads\/2023\/07\/1024-1365.jpg 1024w\" sizes=\"auto, (max-width: 706px) 89vw, (max-width: 767px) 82vw, 740px\" \/><\/a><\/figure>\n<\/div>\n<\/div>\n\n\n\n<p>El tercer d\u00eda, este trabajo en grupo continu\u00f3 por la ma\u00f1ana. Por la tarde, el programa incluy\u00f3 una visita al Ars Electronica Centre, ubicado en el centro de la ciudad.<\/p>\n<\/div>\n\n\n\n<div class=\"wp-block-group is-nowrap is-layout-flex wp-container-core-group-is-layout-ad2f72ca wp-block-group-is-layout-flex\">\n<p>Por \u00faltimo, el cuarto d\u00eda, los estudiantes tuvieron tiempo para finalizar y presentar sus tareas digitales a los profesores. Esto supuso tambi\u00e9n el pistoletazo de salida para una reuni\u00f3n posterior de los miembros del proyecto.<\/p>\n<\/div>\n\n\n\n<p><\/p>\n\n\n\n<div class=\"wp-block-group is-nowrap is-layout-flex wp-container-core-group-is-layout-ad2f72ca wp-block-group-is-layout-flex\">\n<figure class=\"wp-block-image size-large\"><a href=\"https:\/\/www.authomath.org\/wp-content\/uploads\/2023\/07\/4032-3024-maxim-1-scaled.jpg\"><img loading=\"lazy\" decoding=\"async\" width=\"1024\" height=\"768\" src=\"https:\/\/www.authomath.org\/wp-content\/uploads\/2023\/07\/4032-3024-maxim-1-scaled-1024x768.jpg\" alt=\"\" class=\"wp-image-457\" srcset=\"https:\/\/www.authomath.org\/wp-content\/uploads\/2023\/07\/4032-3024-maxim-1-scaled-1024x768.jpg 1024w, https:\/\/www.authomath.org\/wp-content\/uploads\/2023\/07\/4032-3024-maxim-1-scaled-300x225.jpg 300w, https:\/\/www.authomath.org\/wp-content\/uploads\/2023\/07\/4032-3024-maxim-1-768x576.jpg 768w, https:\/\/www.authomath.org\/wp-content\/uploads\/2023\/07\/4032-3024-maxim-1-scaled-1536x1152.jpg 1536w, https:\/\/www.authomath.org\/wp-content\/uploads\/2023\/07\/4032-3024-maxim-1-scaled-2048x1536.jpg 2048w\" sizes=\"auto, (max-width: 706px) 89vw, (max-width: 767px) 82vw, 740px\" \/><\/a><\/figure>\n\n\n\n<div class=\"wp-block-group is-nowrap is-layout-flex wp-container-core-group-is-layout-ad2f72ca wp-block-group-is-layout-flex\">\n<figure class=\"wp-block-image size-large\"><a href=\"https:\/\/www.authomath.org\/wp-content\/uploads\/2023\/07\/4032-3024-ma-scaled.jpg\"><img loading=\"lazy\" decoding=\"async\" width=\"1024\" height=\"768\" src=\"https:\/\/www.authomath.org\/wp-content\/uploads\/2023\/07\/4032-3024-ma-scaled-1024x768.jpg\" alt=\"\" class=\"wp-image-424\" srcset=\"https:\/\/www.authomath.org\/wp-content\/uploads\/2023\/07\/4032-3024-ma-scaled-1024x768.jpg 1024w, https:\/\/www.authomath.org\/wp-content\/uploads\/2023\/07\/4032-3024-ma-scaled-300x225.jpg 300w, https:\/\/www.authomath.org\/wp-content\/uploads\/2023\/07\/4032-3024-ma-768x576.jpg 768w, https:\/\/www.authomath.org\/wp-content\/uploads\/2023\/07\/4032-3024-ma-scaled-1536x1152.jpg 1536w, https:\/\/www.authomath.org\/wp-content\/uploads\/2023\/07\/4032-3024-ma-scaled-2048x1536.jpg 2048w\" sizes=\"auto, (max-width: 706px) 89vw, (max-width: 767px) 82vw, 740px\" \/><\/a><\/figure>\n<\/div>\n\n\n\n<div class=\"wp-block-group is-nowrap is-layout-flex wp-container-core-group-is-layout-ad2f72ca wp-block-group-is-layout-flex\">\n<figure class=\"wp-block-image size-large\"><a href=\"https:\/\/www.authomath.org\/wp-content\/uploads\/2023\/07\/4032-3024-maxi-scaled.jpg\"><img decoding=\"async\" src=\"https:\/\/www.authomath.org\/wp-content\/uploads\/2023\/07\/4032-3024-maxi-1024x768.jpg\" alt=\"\" class=\"wp-image-426\"\/><\/a><\/figure>\n<\/div>\n<\/div>\n\n\n\n<p><\/p>\n\n\n\n<p>Los estudiantes concluyeron su estancia en Linz de forma muy positiva. Patrick, que ya ten\u00eda experiencia con las tareas STACK como miembro del personal de <em>Mathebr\u00fccke<\/em> en el PH Heidelberg, pudo refrescarlas y profundizar en ellas, especialmente sobre la integraci\u00f3n de los applets de GeoGebra. Mathea menciona la impresionante visita al Ars Electronica Center como punto culminante, adem\u00e1s del trabajo en grupo sobre las tareas. Nadja considera que el trabajo con GeoGebra, en particular, es provechoso, as\u00ed como para otros contextos de ense\u00f1anza. Luis, de la UC, que conoci\u00f3 el proyecto a trav\u00e9s del Prof. Dr. Diego Mantec\u00f3n, ya estaba familiarizado con STACK y le pareci\u00f3 especialmente interesante la conexi\u00f3n con GeoGebra. Leire, tambi\u00e9n de Cantabria, mencion\u00f3 la presentaci\u00f3n del Prof. Dr Hans-Georg Weigand, entre otros, como una de las principales atracciones de la actividad. Mar\u00eda, de la UoE, que conoci\u00f3 el encuentro a trav\u00e9s de Konstantina Zerva, colaboradora del proyecto, elogia, sobre todo, la colaboraci\u00f3n con estudiantes de otros pa\u00edses, donde aprendi\u00f3, en particular, el aspecto did\u00e1ctico del feedback adaptativo.<\/p>\n\n\n\n<p><\/p>\n\n\n\n<div class=\"wp-block-group is-nowrap is-layout-flex wp-container-core-group-is-layout-ad2f72ca wp-block-group-is-layout-flex\">\n<figure class=\"wp-block-image size-large\"><a href=\"https:\/\/www.authomath.org\/wp-content\/uploads\/2023\/07\/khkjhv-scaled.jpg\"><img decoding=\"async\" src=\"https:\/\/www.authomath.org\/wp-content\/uploads\/2023\/07\/khkjhv-1024x768.jpg\" alt=\"\" class=\"wp-image-430\"\/><\/a><\/figure>\n\n\n\n<div class=\"wp-block-group is-nowrap is-layout-flex wp-container-core-group-is-layout-ad2f72ca wp-block-group-is-layout-flex\">\n<div class=\"wp-block-group is-nowrap is-layout-flex wp-container-core-group-is-layout-ad2f72ca wp-block-group-is-layout-flex\">\n<div class=\"wp-block-group is-nowrap is-layout-flex wp-container-core-group-is-layout-ad2f72ca wp-block-group-is-layout-flex\">\n<figure class=\"wp-block-image size-large\"><a href=\"https:\/\/www.authomath.org\/wp-content\/uploads\/2023\/07\/4096-3072-max-scaled.jpg\"><img loading=\"lazy\" decoding=\"async\" width=\"1024\" height=\"768\" src=\"https:\/\/www.authomath.org\/wp-content\/uploads\/2023\/07\/4096-3072-max-scaled-1024x768.jpg\" alt=\"\" class=\"wp-image-429\" srcset=\"https:\/\/www.authomath.org\/wp-content\/uploads\/2023\/07\/4096-3072-max-scaled-1024x768.jpg 1024w, https:\/\/www.authomath.org\/wp-content\/uploads\/2023\/07\/4096-3072-max-scaled-300x225.jpg 300w, https:\/\/www.authomath.org\/wp-content\/uploads\/2023\/07\/4096-3072-max-768x576.jpg 768w, https:\/\/www.authomath.org\/wp-content\/uploads\/2023\/07\/4096-3072-max-scaled-1536x1152.jpg 1536w, https:\/\/www.authomath.org\/wp-content\/uploads\/2023\/07\/4096-3072-max-scaled-2048x1536.jpg 2048w\" sizes=\"auto, (max-width: 706px) 89vw, (max-width: 767px) 82vw, 740px\" \/><\/a><\/figure>\n<\/div>\n<\/div>\n<\/div>\n\n\n\n<figure class=\"wp-block-image size-large\"><a href=\"https:\/\/www.authomath.org\/wp-content\/uploads\/2023\/07\/2304-1728-max.jpg\"><img loading=\"lazy\" decoding=\"async\" width=\"1024\" height=\"768\" src=\"https:\/\/www.authomath.org\/wp-content\/uploads\/2023\/07\/2304-1728-max-1024x768.jpg\" alt=\"\" class=\"wp-image-432\" srcset=\"https:\/\/www.authomath.org\/wp-content\/uploads\/2023\/07\/2304-1728-max-1024x768.jpg 1024w, https:\/\/www.authomath.org\/wp-content\/uploads\/2023\/07\/2304-1728-max-300x225.jpg 300w, https:\/\/www.authomath.org\/wp-content\/uploads\/2023\/07\/2304-1728-max-768x576.jpg 768w, https:\/\/www.authomath.org\/wp-content\/uploads\/2023\/07\/2304-1728-max-1536x1152.jpg 1536w, https:\/\/www.authomath.org\/wp-content\/uploads\/2023\/07\/2304-1728-max-2048x1536.jpg 2048w\" sizes=\"auto, (max-width: 706px) 89vw, (max-width: 767px) 82vw, 740px\" \/><\/a><\/figure>\n<\/div>\n\n\n\n<p>Todos mencionaron los encuentros con &#8220;gente agradable&#8221; y el intercambio entre culturas europeas, como las rutinas diarias y los diferentes teclados de ordenador, como una experiencia provechosa.<\/p>\n\n\n\n<ul class=\"wp-block-social-links aligncenter is-layout-flex wp-block-social-links-is-layout-flex\"><li class=\"wp-social-link wp-social-link-twitter  wp-block-social-link\"><a href=\"https:\/\/twitter.com\/AuthOMath\" class=\"wp-block-social-link-anchor\"><svg width=\"24\" height=\"24\" viewBox=\"0 0 24 24\" version=\"1.1\" xmlns=\"http:\/\/www.w3.org\/2000\/svg\" aria-hidden=\"true\" focusable=\"false\"><path d=\"M22.23,5.924c-0.736,0.326-1.527,0.547-2.357,0.646c0.847-0.508,1.498-1.312,1.804-2.27 c-0.793,0.47-1.671,0.812-2.606,0.996C18.324,4.498,17.257,4,16.077,4c-2.266,0-4.103,1.837-4.103,4.103 c0,0.322,0.036,0.635,0.106,0.935C8.67,8.867,5.647,7.234,3.623,4.751C3.27,5.357,3.067,6.062,3.067,6.814 c0,1.424,0.724,2.679,1.825,3.415c-0.673-0.021-1.305-0.206-1.859-0.513c0,0.017,0,0.034,0,0.052c0,1.988,1.414,3.647,3.292,4.023 c-0.344,0.094-0.707,0.144-1.081,0.144c-0.264,0-0.521-0.026-0.772-0.074c0.522,1.63,2.038,2.816,3.833,2.85 c-1.404,1.1-3.174,1.756-5.096,1.756c-0.331,0-0.658-0.019-0.979-0.057c1.816,1.164,3.973,1.843,6.29,1.843 c7.547,0,11.675-6.252,11.675-11.675c0-0.178-0.004-0.355-0.012-0.531C20.985,7.47,21.68,6.747,22.23,5.924z\"><\/path><\/svg><span class=\"wp-block-social-link-label screen-reader-text\">Twitter<\/span><\/a><\/li>\n\n<li class=\"wp-social-link wp-social-link-facebook  wp-block-social-link\"><a href=\"https:\/\/www.facebook.com\/profile.php?id=100092327246567\" class=\"wp-block-social-link-anchor\"><svg width=\"24\" height=\"24\" viewBox=\"0 0 24 24\" version=\"1.1\" xmlns=\"http:\/\/www.w3.org\/2000\/svg\" aria-hidden=\"true\" focusable=\"false\"><path d=\"M12 2C6.5 2 2 6.5 2 12c0 5 3.7 9.1 8.4 9.9v-7H7.9V12h2.5V9.8c0-2.5 1.5-3.9 3.8-3.9 1.1 0 2.2.2 2.2.2v2.5h-1.3c-1.2 0-1.6.8-1.6 1.6V12h2.8l-.4 2.9h-2.3v7C18.3 21.1 22 17 22 12c0-5.5-4.5-10-10-10z\"><\/path><\/svg><span class=\"wp-block-social-link-label screen-reader-text\">Facebook<\/span><\/a><\/li><\/ul>\n","protected":false},"excerpt":{"rendered":"<p>Intercambio internacional de estudiantes en el marco de AuthOMath Del 4. al 7 de julio, estudiantes de matem\u00e1ticas y futuros profesores de matem\u00e1ticas de la Universidad de Educaci\u00f3n de Heidelberg, la Universidad de Cantabria y la Universidad de Edimburgo viajaron a Linz, donde se reunieron con compa\u00f1eros de la Facultad de Educaci\u00f3n de la Universidad &hellip; <\/p>\n<p class=\"link-more\"><a href=\"https:\/\/www.authomath.org\/?page_id=940&#038;lang=es\" class=\"more-link\">Continue reading<span class=\"screen-reader-text\"> &#8220;LTTA en Linz&#8221;<\/span><\/a><\/p>\n","protected":false},"author":3,"featured_media":0,"parent":0,"menu_order":0,"comment_status":"closed","ping_status":"closed","template":"","meta":{"footnotes":""},"class_list":["post-940","page","type-page","status-publish","hentry"],"_links":{"self":[{"href":"https:\/\/www.authomath.org\/index.php?rest_route=\/wp\/v2\/pages\/940","targetHints":{"allow":["GET"]}}],"collection":[{"href":"https:\/\/www.authomath.org\/index.php?rest_route=\/wp\/v2\/pages"}],"about":[{"href":"https:\/\/www.authomath.org\/index.php?rest_route=\/wp\/v2\/types\/page"}],"author":[{"embeddable":true,"href":"https:\/\/www.authomath.org\/index.php?rest_route=\/wp\/v2\/users\/3"}],"replies":[{"embeddable":true,"href":"https:\/\/www.authomath.org\/index.php?rest_route=%2Fwp%2Fv2%2Fcomments&post=940"}],"version-history":[{"count":5,"href":"https:\/\/www.authomath.org\/index.php?rest_route=\/wp\/v2\/pages\/940\/revisions"}],"predecessor-version":[{"id":1189,"href":"https:\/\/www.authomath.org\/index.php?rest_route=\/wp\/v2\/pages\/940\/revisions\/1189"}],"wp:attachment":[{"href":"https:\/\/www.authomath.org\/index.php?rest_route=%2Fwp%2Fv2%2Fmedia&parent=940"}],"curies":[{"name":"wp","href":"https:\/\/api.w.org\/{rel}","templated":true}]}}