{"id":947,"date":"2023-11-03T09:53:14","date_gmt":"2023-11-03T08:53:14","guid":{"rendered":"https:\/\/www.authomath.org\/?page_id=947"},"modified":"2023-11-03T09:53:14","modified_gmt":"2023-11-03T08:53:14","slug":"universidad-johannes-kepler-austria","status":"publish","type":"page","link":"https:\/\/www.authomath.org\/?page_id=947&lang=es","title":{"rendered":"Universidad Johannes Kepler (Austria)"},"content":{"rendered":"\n<p><strong>Qui\u00e9nes somos<\/strong><\/p>\n\n\n\n<div class=\"wp-block-group is-nowrap is-layout-flex wp-container-core-group-is-layout-ad2f72ca wp-block-group-is-layout-flex\">\n<figure class=\"wp-block-image size-full is-resized is-style-default\"><img loading=\"lazy\" decoding=\"async\" width=\"330\" height=\"377\" src=\"https:\/\/www.authomath.org\/wp-content\/uploads\/2023\/02\/zsolt.webp\" alt=\"\" class=\"wp-image-359\" style=\"width:102px;height:115px\" srcset=\"https:\/\/www.authomath.org\/wp-content\/uploads\/2023\/02\/zsolt.webp 330w, https:\/\/www.authomath.org\/wp-content\/uploads\/2023\/02\/zsolt-263x300.webp 263w\" sizes=\"auto, (max-width: 330px) 100vw, 330px\" \/><\/figure>\n\n\n\n<p>Zsolt Lavicza<br>Catedr\u00e1tico de M\u00e9todos de Investigaci\u00f3n en Educaci\u00f3n STEAM<\/p>\n<\/div>\n\n\n\n<div class=\"wp-block-group is-nowrap is-layout-flex wp-container-core-group-is-layout-ad2f72ca wp-block-group-is-layout-flex\">\n<figure class=\"wp-block-image size-large is-resized\"><img loading=\"lazy\" decoding=\"async\" width=\"814\" height=\"1024\" src=\"https:\/\/www.authomath.org\/wp-content\/uploads\/2023\/02\/IMG_2248-814x1024.jpeg\" alt=\"\" class=\"wp-image-360\" style=\"width:102px;height:123px\" srcset=\"https:\/\/www.authomath.org\/wp-content\/uploads\/2023\/02\/IMG_2248-814x1024.jpeg 814w, https:\/\/www.authomath.org\/wp-content\/uploads\/2023\/02\/IMG_2248-239x300.jpeg 239w, https:\/\/www.authomath.org\/wp-content\/uploads\/2023\/02\/IMG_2248-768x966.jpeg 768w, https:\/\/www.authomath.org\/wp-content\/uploads\/2023\/02\/IMG_2248-1222x1536.jpeg 1222w, https:\/\/www.authomath.org\/wp-content\/uploads\/2023\/02\/IMG_2248.jpeg 1454w\" sizes=\"auto, (max-width: 706px) 89vw, (max-width: 767px) 82vw, 740px\" \/><\/figure>\n\n\n\n<p>Mathias Tejera<br>Asistente de investigaci\u00f3n<\/p>\n<\/div>\n\n\n\n<p><br><strong>Qu\u00e9 hacemos<\/strong><\/p>\n\n\n\n<p>trabajar en conceptos de acceso p\u00fablico al servidor, as\u00ed como en diversos canales de difusi\u00f3n<br>oranizaci\u00f3n y acogida de una <em>actividad de aprendizaje, ense\u00f1anza y formaci\u00f3n<\/em> (intercambio internacional de estudiantes)<\/p>\n\n\n\n<p><strong>Lo que hemos conseguido hasta ahora<\/strong><\/p>\n\n\n\n<p>hemos abierto dos plataformas de medios sociales para el proyecto en Twitter y Facebook<br>hemos desarrollado el logotipo del proyecto<\/p>\n","protected":false},"excerpt":{"rendered":"<p>Qui\u00e9nes somos Zsolt LaviczaCatedr\u00e1tico de M\u00e9todos de Investigaci\u00f3n en Educaci\u00f3n STEAM Mathias TejeraAsistente de investigaci\u00f3n Qu\u00e9 hacemos trabajar en conceptos de acceso p\u00fablico al servidor, as\u00ed como en diversos canales de difusi\u00f3noranizaci\u00f3n y acogida de una actividad de aprendizaje, ense\u00f1anza y formaci\u00f3n (intercambio internacional de estudiantes) Lo que hemos conseguido hasta ahora hemos abierto dos &hellip; <\/p>\n<p class=\"link-more\"><a href=\"https:\/\/www.authomath.org\/?page_id=947&#038;lang=es\" class=\"more-link\">Continue reading<span class=\"screen-reader-text\"> &#8220;Universidad Johannes Kepler (Austria)&#8221;<\/span><\/a><\/p>\n","protected":false},"author":3,"featured_media":0,"parent":0,"menu_order":0,"comment_status":"closed","ping_status":"closed","template":"","meta":{"footnotes":""},"class_list":["post-947","page","type-page","status-publish","hentry"],"_links":{"self":[{"href":"https:\/\/www.authomath.org\/index.php?rest_route=\/wp\/v2\/pages\/947","targetHints":{"allow":["GET"]}}],"collection":[{"href":"https:\/\/www.authomath.org\/index.php?rest_route=\/wp\/v2\/pages"}],"about":[{"href":"https:\/\/www.authomath.org\/index.php?rest_route=\/wp\/v2\/types\/page"}],"author":[{"embeddable":true,"href":"https:\/\/www.authomath.org\/index.php?rest_route=\/wp\/v2\/users\/3"}],"replies":[{"embeddable":true,"href":"https:\/\/www.authomath.org\/index.php?rest_route=%2Fwp%2Fv2%2Fcomments&post=947"}],"version-history":[{"count":3,"href":"https:\/\/www.authomath.org\/index.php?rest_route=\/wp\/v2\/pages\/947\/revisions"}],"predecessor-version":[{"id":951,"href":"https:\/\/www.authomath.org\/index.php?rest_route=\/wp\/v2\/pages\/947\/revisions\/951"}],"wp:attachment":[{"href":"https:\/\/www.authomath.org\/index.php?rest_route=%2Fwp%2Fv2%2Fmedia&parent=947"}],"curies":[{"name":"wp","href":"https:\/\/api.w.org\/{rel}","templated":true}]}}