{"id":953,"date":"2023-11-03T09:55:10","date_gmt":"2023-11-03T08:55:10","guid":{"rendered":"https:\/\/www.authomath.org\/?page_id=953"},"modified":"2023-11-03T09:55:10","modified_gmt":"2023-11-03T08:55:10","slug":"marca-aviso-legal-politica-de-privacidad","status":"publish","type":"page","link":"https:\/\/www.authomath.org\/?page_id=953&lang=es","title":{"rendered":"Marca &#8211; Aviso legal &#8211; Pol\u00edtica de privacidad"},"content":{"rendered":"\n<p>Pie de imprenta &#8211; Descargo de responsabilidad &#8211; Pol\u00edtica de privacidad<\/p>\n\n\n\n<p><strong><u>1. pie de imprenta<\/u><\/strong><\/p>\n\n\n\n<p>Guido Pinkernell<\/p>\n\n\n\n<p>Instituto de Matem\u00e1ticas e Inform\u00e1tica<\/p>\n\n\n\n<p>Universidad de Educaci\u00f3n de Heidelberg<\/p>\n\n\n\n<p>Keplerstrasse 87<\/p>\n\n\n\n<p>D-69120 Heidelberg<\/p>\n\n\n\n<p><a href=\"mailto:pinkernell@ph-heidelberg.de\">pinkernell@ph-heidelberg.de<\/a><br><br><\/p>\n\n\n\n<p><strong><u>2. exclusi\u00f3n de responsabilidad<\/u><\/strong><\/p>\n\n\n\n<p>Responsabilidad por contenidos<\/p>\n\n\n\n<p>Como proveedor de servicios, soy responsable de los contenidos propios de estas p\u00e1ginas de acuerdo con el \u00a7 7 P\u00e1rr. 1 de la Ley alemana de medios de telecomunicaci\u00f3n (TMG). 1 de la Ley alemana de Telemedios (TMG). Sin embargo, seg\u00fan los \u00a7\u00a7 8 a 10 de la TMG, como proveedor de servicios no estoy obligado a controlar la informaci\u00f3n ajena transmitida o almacenada ni a investigar circunstancias que indiquen una actividad ilegal.<\/p>\n\n\n\n<p>Esto no afecta a las obligaciones de eliminar o bloquear el uso de informaci\u00f3n seg\u00fan las leyes generales. Sin embargo, la responsabilidad a este respecto s\u00f3lo ser\u00e1 posible a partir del momento en que se tenga conocimiento de una infracci\u00f3n concreta de la ley. Si tengo conocimiento de alguna infracci\u00f3n de este tipo, eliminar\u00e9 inmediatamente el contenido correspondiente.<\/p>\n\n\n\n<p><strong>Responsabilidad por enlaces<\/strong><\/p>\n\n\n\n<p>Mi oferta contiene enlaces a p\u00e1ginas web externas de terceros, sobre cuyos contenidos no tengo ninguna influencia. Por lo tanto, no puedo asumir ninguna responsabilidad por estos contenidos externos. El respectivo proveedor u operador de las p\u00e1ginas es siempre responsable de los contenidos de las p\u00e1ginas enlazadas. Las p\u00e1ginas enlazadas fueron revisadas en el momento de su enlace para detectar posibles infracciones legales. En el momento de establecer el enlace no se detectaron contenidos ilegales.<\/p>\n\n\n\n<p>Sin embargo, un control permanente de los contenidos de las p\u00e1ginas enlazadas no es razonable sin indicios concretos de una infracci\u00f3n legal. Si tengo conocimiento de alguna infracci\u00f3n, eliminar\u00e9 dichos enlaces inmediatamente.<\/p>\n\n\n\n<p><strong>Derechos de autor<\/strong><\/p>\n\n\n\n<p>Los contenidos y obras creados por los operadores del sitio en estas p\u00e1ginas est\u00e1n sujetos a la legislaci\u00f3n alemana sobre derechos de autor. La reproducci\u00f3n, procesamiento, distribuci\u00f3n o cualquier forma de comercializaci\u00f3n de dicho material m\u00e1s all\u00e1 del alcance de la ley de derechos de autor requerir\u00e1 el consentimiento previo por escrito de su respectivo autor o creador. Las descargas y copias de este sitio s\u00f3lo est\u00e1n permitidas para uso privado y no comercial.<\/p>\n\n\n\n<p>En la medida en que el contenido de este sitio no haya sido creado por el operador, se respetar\u00e1n los derechos de autor de terceros. En particular, los contenidos de terceros est\u00e1n marcados como tales. Si, a pesar de todo, tuviera conocimiento de una infracci\u00f3n de los derechos de autor, le ruego que me lo comunique. Si tengo conocimiento de alguna infracci\u00f3n, eliminar\u00e9 dichos contenidos inmediatamente.<\/p>\n\n\n\n<p>Permito expresamente la cita de nuestros documentos y p\u00e1ginas web, as\u00ed como el establecimiento de enlaces a nuestro sitio web.<\/p>\n\n\n\n<p><strong><u>3. pol\u00edtica de protecci\u00f3n de datos<\/u><\/strong><\/p>\n\n\n\n<p>La presente declaraci\u00f3n de protecci\u00f3n de datos le informa sobre el tipo, el alcance y la finalidad del tratamiento de datos personales (en lo sucesivo, &#8220;datos&#8221;) en el marco de la prestaci\u00f3n de nuestros servicios, as\u00ed como dentro de nuestra oferta en l\u00ednea y los sitios web, funciones y contenidos relacionados con ella, as\u00ed como presencias en l\u00ednea externas, como nuestros perfiles en redes sociales (en lo sucesivo, denominados conjuntamente &#8220;oferta en l\u00ednea&#8221;). Con respecto a los t\u00e9rminos utilizados, como &#8220;tratamiento&#8221; o &#8220;responsable del tratamiento&#8221;, nos remitimos a las definiciones del Art. 4 del Reglamento General de Protecci\u00f3n de Datos (DSGVO).<\/p>\n\n\n\n<p><strong>Persona responsable<\/strong><\/p>\n\n\n\n<p>Guido Pinkernell<\/p>\n\n\n\n<p>Instituto de Matem\u00e1ticas e Inform\u00e1tica<\/p>\n\n\n\n<p>Universidad de Educaci\u00f3n de Heidelberg<\/p>\n\n\n\n<p>Keplerstrasse 87<\/p>\n\n\n\n<p>D-69120 Heidelberg<\/p>\n\n\n\n<p><a href=\"mailto:pinkernell@ph-heidelberg.de\">pinkernell@ph-heidelberg.de<\/a><\/p>\n\n\n\n<p><strong>Tipos de datos procesados<\/strong><\/p>\n\n\n\n<p>&#8211; Datos de uso (por ejemplo, p\u00e1ginas web visitadas, inter\u00e9s por el contenido, horas de acceso).<\/p>\n\n\n\n<p>&#8211; Meta\/datos de comunicaci\u00f3n (por ejemplo, informaci\u00f3n del dispositivo, direcciones IP).<\/p>\n\n\n\n<p>El uso del sitio www.authomath.org es posible sin proporcionar datos personales. Para utilizar las p\u00e1ginas moodle.pinkernell.online, osticket.pinkernell.online y nextcloud.pinkernell.online se crean cuentas de usuario. En este caso, tambi\u00e9n se recopilan los siguientes datos<\/p>\n\n\n\n<p>&#8211; Datos de inventario (por ejemplo, datos personales maestros, nombres o direcciones).<\/p>\n\n\n\n<p>&#8211; Datos de contacto (por ejemplo, correo electr\u00f3nico).<\/p>\n\n\n\n<p>&#8211; Datos de contenido (por ejemplo, entradas de texto, fotograf\u00edas, v\u00eddeos).<\/p>\n\n\n\n<p>Categor\u00edas de interesados<\/p>\n\n\n\n<p>Visitantes y usuarios de la oferta en l\u00ednea (en lo sucesivo, tambi\u00e9n nos referiremos a los interesados colectivamente como &#8220;usuarios&#8221;).<\/p>\n\n\n\n<p>Finalidad del tratamiento<\/p>\n\n\n\n<p>&#8211; Provisi\u00f3n de la oferta en l\u00ednea, sus funciones y contenidos.<\/p>\n\n\n\n<p>&#8211; Respuesta a solicitudes de contacto y comunicaci\u00f3n con los usuarios.<\/p>\n\n\n\n<p>&#8211; Medidas de seguridad.<\/p>\n\n\n\n<p><strong>Terminolog\u00eda utilizada<\/strong><\/p>\n\n\n\n<p>&#8220;Datos personales&#8221;: cualquier informaci\u00f3n relativa a una persona f\u00edsica identificada o identificable (en lo sucesivo, &#8220;interesado&#8221;); una persona f\u00edsica identificable es aquella cuya identidad puede determinarse, directa o indirectamente, en particular mediante un identificador, como un nombre, un n\u00famero de identificaci\u00f3n, datos de localizaci\u00f3n, un identificador en l\u00ednea (por ejemplo, una cookie) o uno o varios elementos espec\u00edficos, caracter\u00edsticos de la identidad f\u00edsica, fisiol\u00f3gica, gen\u00e9tica, ps\u00edquica, econ\u00f3mica, cultural o social de dicha persona f\u00edsica.<\/p>\n\n\n\n<p>&#8220;Tratamiento&#8221; significa cualquier operaci\u00f3n o conjunto de operaciones que se realicen con datos personales, ya sea por medios automatizados o no. El t\u00e9rmino es amplio y abarca pr\u00e1cticamente cualquier tratamiento de datos.<\/p>\n\n\n\n<p>&#8220;Seudonimizaci\u00f3n&#8221;: el tratamiento de datos personales de tal modo que los datos personales ya no puedan relacionarse con un interesado concreto sin informaci\u00f3n adicional, siempre que dicha informaci\u00f3n adicional se conserve por separado y est\u00e9 sujeta a medidas t\u00e9cnicas y organizativas que garanticen que los datos personales no se atribuyen a una persona f\u00edsica identificada o identificable.<\/p>\n\n\n\n<p>&#8220;Elaboraci\u00f3n de perfiles&#8221;: todo tratamiento automatizado de datos personales que consista en utilizar dichos datos personales para evaluar determinados aspectos personales relativos a una persona f\u00edsica, en particular para analizar o predecir aspectos relacionados con el rendimiento laboral, la situaci\u00f3n econ\u00f3mica, la salud, las preferencias personales, los intereses, la fiabilidad, el comportamiento, la ubicaci\u00f3n o el cambio de ubicaci\u00f3n de dicha persona f\u00edsica.<\/p>\n\n\n\n<p>&#8220;Responsable del tratamiento&#8221;: la persona f\u00edsica o jur\u00eddica, autoridad p\u00fablica, agencia u otro organismo que, solo o conjuntamente con otros, determine los fines y los medios del tratamiento de datos personales.<\/p>\n\n\n\n<p>&#8220;Encargado del tratamiento&#8221;: persona f\u00edsica o jur\u00eddica, autoridad p\u00fablica, agencia u otro organismo que trate datos personales por cuenta del responsable del tratamiento.<\/p>\n\n\n\n<p><strong>Base jur\u00eddica pertinente<\/strong><\/p>\n\n\n\n<p>De conformidad con el art. 13 DSGVO, le informamos de la base jur\u00eddica de nuestro tratamiento de datos. Para los usuarios del \u00e1mbito de aplicaci\u00f3n del Reglamento General de Protecci\u00f3n de Datos (DSGVO), es decir, la UE y la CEE, se aplica lo siguiente si la base jur\u00eddica no se indica en la declaraci\u00f3n de protecci\u00f3n de datos:<\/p>\n\n\n\n<p>&#8211; La base jur\u00eddica para obtener el consentimiento es el Art. 6 para. 1 lit. a y Art. 7 DSGVO;<\/p>\n\n\n\n<p>&#8211; La base jur\u00eddica para el tratamiento para el cumplimiento de nuestros servicios y la aplicaci\u00f3n de medidas contractuales, as\u00ed como para responder a consultas, es el art. 6 (1) lit. 6 (1) lit. b DSGVO;<\/p>\n\n\n\n<p>&#8211; La base jur\u00eddica del tratamiento para el cumplimiento de nuestras obligaciones legales es el art\u00edculo 6, apartado 1, letra b) de la DSGVO. 6 para. 1 lit. c DSGVO;<\/p>\n\n\n\n<p>&#8211; En caso de que los intereses vitales del interesado o de otra persona f\u00edsica hagan necesario el tratamiento de datos personales, Art. 6 (1) lit. d DSGVO sirve como base legal.<\/p>\n\n\n\n<p>&#8211; La base jur\u00eddica para el tratamiento necesario para el cumplimiento de una misi\u00f3n realizada en inter\u00e9s p\u00fablico o en el ejercicio de poderes p\u00fablicos conferidos al responsable del tratamiento es el art\u00edculo 6, apartado 1, letra e), del DSGVO. 6(1)(e) DSGVO.<\/p>\n\n\n\n<p>&#8211; La base jur\u00eddica del tratamiento para proteger nuestros intereses leg\u00edtimos es el art. 6 (1) lit. f DSGVO.<\/p>\n\n\n\n<p>&#8211; El tratamiento de datos para fines distintos de aquellos para los que fueron recogidos viene determinado por los requisitos del art. 6 (4) DSGVO.<\/p>\n\n\n\n<p>&#8211; El tratamiento de categor\u00edas especiales de datos (de conformidad con el Art. 9 (1) del Reglamento de Protecci\u00f3n de Datos) se rige por lo dispuesto en el Art. 9 (2) del Reglamento de Protecci\u00f3n de Datos.<\/p>\n\n\n\n<p><strong>Medidas de seguridad<\/strong><\/p>\n\n\n\n<p>Adoptamos las medidas t\u00e9cnicas y organizativas apropiadas para garantizar un nivel de seguridad adecuado al riesgo, de conformidad con la ley y teniendo en cuenta el estado de la t\u00e9cnica, el coste de aplicaci\u00f3n, la naturaleza, el alcance, el contexto y los fines del tratamiento, as\u00ed como la probabilidad y gravedad variables del riesgo para los derechos y libertades de las personas f\u00edsicas.<\/p>\n\n\n\n<p>Las medidas incluyen, en particular, garantizar la confidencialidad, integridad y disponibilidad de los datos mediante el control del acceso f\u00edsico a los mismos, as\u00ed como el acceso, introducci\u00f3n, divulgaci\u00f3n, garant\u00eda de disponibilidad y segregaci\u00f3n de los datos. Tambi\u00e9n disponemos de procedimientos para garantizar el ejercicio de los derechos de los interesados, la supresi\u00f3n de los datos y la respuesta ante datos comprometidos. Adem\u00e1s, ya tenemos en cuenta la protecci\u00f3n de datos personales en el desarrollo y la selecci\u00f3n de hardware, software y procedimientos, de acuerdo con el principio de protecci\u00f3n de datos mediante el dise\u00f1o tecnol\u00f3gico y a trav\u00e9s de configuraciones predeterminadas respetuosas con la protecci\u00f3n de datos.<\/p>\n\n\n\n<p><strong>Cooperaci\u00f3n con procesadores, controladores conjuntos y terceros<\/strong><\/p>\n\n\n\n<p>Si, en el curso de nuestro procesamiento, revelamos datos a otras personas y empresas (procesadores, controladores conjuntos o terceros), se los transferimos o les concedemos acceso a los datos, esto s\u00f3lo se har\u00e1 sobre la base de un permiso legal (por ejemplo, si una transferencia de datos a terceros, como proveedores de servicios de pago, es necesaria para la ejecuci\u00f3n del contrato), los usuarios han dado su consentimiento, una obligaci\u00f3n legal lo prev\u00e9 o sobre la base de nuestros intereses leg\u00edtimos (por ejemplo, cuando se utilizan agentes, hosts web, etc.).<\/p>\n\n\n\n<p>Si revelamos o transferimos datos a otras empresas de nuestro grupo de empresas o les concedemos acceso de otro modo, esto se hace en particular con fines administrativos como inter\u00e9s leg\u00edtimo y, adem\u00e1s, sobre una base que cumple los requisitos legales.<\/p>\n\n\n\n<p><strong>Transferencias a terceros pa\u00edses<\/strong><\/p>\n\n\n\n<p>Si procesamos datos en un tercer pa\u00eds (es decir, fuera de la Uni\u00f3n Europea (UE), del Espacio Econ\u00f3mico Europeo (EEE) o de la Confederaci\u00f3n Suiza) o lo hacemos en el contexto del uso de servicios de terceros o de la revelaci\u00f3n o transferencia de datos a otras personas o empresas, esto s\u00f3lo se har\u00e1 si se hace para cumplir nuestras obligaciones (pre)contractuales, sobre la base de su consentimiento, debido a una obligaci\u00f3n legal o sobre la base de nuestros intereses leg\u00edtimos. Sujeto a permisos legales o contractuales, s\u00f3lo procesaremos o permitiremos que se procesen datos en un tercer pa\u00eds si se cumplen los requisitos legales. Esto significa, por ejemplo, que el tratamiento se lleva a cabo sobre la base de garant\u00edas especiales, como la determinaci\u00f3n oficialmente reconocida de un nivel de protecci\u00f3n de datos correspondiente al de la UE (por ejemplo, para EE.UU. a trav\u00e9s del &#8220;Escudo de la privacidad&#8221;) o el cumplimiento de obligaciones contractuales especiales oficialmente reconocidas.<\/p>\n\n\n\n<p><strong>Derechos de los interesados<\/strong><\/p>\n\n\n\n<p>Tiene derecho a solicitar confirmaci\u00f3n sobre si se est\u00e1n tratando los datos en cuesti\u00f3n y a recibir informaci\u00f3n sobre los mismos, as\u00ed como informaci\u00f3n adicional y una copia de los datos de conformidad con los requisitos legales.<\/p>\n\n\n\n<p>Usted tiene derecho, de conformidad con la ley, a solicitar que se completen los datos que le conciernen o que se corrijan los datos inexactos que le conciernan.<\/p>\n\n\n\n<p>Tiene derecho, de conformidad con la ley, a solicitar que los datos que le conciernen se supriman inmediatamente o, alternativamente, a solicitar la restricci\u00f3n del tratamiento de los datos de conformidad con la ley.<\/p>\n\n\n\n<p>Tiene derecho a exigir que los datos relativos a su persona que nos haya facilitado se reciban de conformidad con los requisitos legales y a exigir que se transfieran a otras personas responsables.<\/p>\n\n\n\n<p>Tambi\u00e9n tiene derecho a presentar una reclamaci\u00f3n ante la autoridad de control competente de conformidad con la ley.<\/p>\n\n\n\n<p><strong>Derecho de revocaci\u00f3n<\/strong><\/p>\n\n\n\n<p>Tiene derecho a revocar cualquier consentimiento que haya dado con efectos para el futuro.<\/p>\n\n\n\n<p><strong>Derecho de oposici\u00f3n<\/strong><\/p>\n\n\n\n<p>Puede oponerse al tratamiento futuro de los datos que le conciernen en cualquier momento, de conformidad con las disposiciones legales. En particular, puede oponerse al tratamiento con fines de venta directa.<\/p>\n\n\n\n<p><strong>Cookies y derecho de oposici\u00f3n a la publicidad directa<\/strong><\/p>\n\n\n\n<p>Las &#8220;cookies&#8221; son peque\u00f1os archivos que se almacenan en los ordenadores de los usuarios. Dentro de las cookies puede almacenarse distinta informaci\u00f3n. Una cookie se utiliza principalmente para almacenar informaci\u00f3n sobre un usuario (o el dispositivo en el que se almacena la cookie) durante o despu\u00e9s de su visita a una oferta en l\u00ednea. Las cookies temporales, o &#8220;cookies de sesi\u00f3n&#8221; o &#8220;cookies transitorias&#8221;, son cookies que se eliminan despu\u00e9s de que un usuario abandone una oferta en l\u00ednea y cierre su navegador. En una cookie de este tipo puede almacenarse, por ejemplo, el contenido de la cesta de la compra en una tienda en l\u00ednea o el estado de inicio de sesi\u00f3n. Las cookies que permanecen almacenadas incluso despu\u00e9s de cerrar el navegador se denominan &#8220;permanentes&#8221; o &#8220;persistentes&#8221;. Por ejemplo, el estado de inicio de sesi\u00f3n puede almacenarse si los usuarios los visitan despu\u00e9s de varios d\u00edas. Del mismo modo, los intereses de los usuarios pueden almacenarse en una cookie de este tipo, que se utiliza para medir el alcance o con fines de marketing. Las &#8220;cookies de terceros&#8221; son cookies ofrecidas por proveedores distintos del responsable que gestiona la oferta en l\u00ednea (en caso contrario, si se trata \u00fanicamente de sus cookies, se denominan &#8220;cookies de origen&#8221;).<\/p>\n\n\n\n<p>Podemos utilizar cookies temporales y permanentes y lo explicaremos en nuestra pol\u00edtica de privacidad.<\/p>\n\n\n\n<p>Si los usuarios no desean que se almacenen cookies en su ordenador, se les pide que desactiven la opci\u00f3n correspondiente en la configuraci\u00f3n del sistema de su navegador. Las cookies almacenadas pueden eliminarse en la configuraci\u00f3n del sistema del navegador. La exclusi\u00f3n de cookies puede conllevar restricciones funcionales de esta oferta en l\u00ednea.<\/p>\n\n\n\n<p>Se puede declarar una objeci\u00f3n general al uso de cookies utilizadas con fines de marketing en l\u00ednea para un gran n\u00famero de servicios, especialmente en el caso del seguimiento, a trav\u00e9s del sitio estadounidense http:\/\/www.aboutads.info\/choices\/ o del sitio de la UE http:\/\/www.youronlinechoices.com\/. Adem\u00e1s, el almacenamiento de cookies puede lograrse desactiv\u00e1ndolas en la configuraci\u00f3n del navegador. Tenga en cuenta que entonces no podr\u00e1n utilizarse todas las funciones de esta oferta en l\u00ednea.<\/p>\n\n\n\n<p><strong>Eliminaci\u00f3n de datos<\/strong><\/p>\n\n\n\n<p>Los datos procesados por nosotros ser\u00e1n borrados o restringidos en su procesamiento de acuerdo con los requisitos legales. A menos que se indique expresamente en el \u00e1mbito de esta declaraci\u00f3n de protecci\u00f3n de datos, los datos almacenados por nosotros se eliminar\u00e1n tan pronto como ya no sean necesarios para los fines previstos y la eliminaci\u00f3n no entre en conflicto con ninguna obligaci\u00f3n legal de conservaci\u00f3n.<\/p>\n\n\n\n<p>Si los datos no se suprimen porque son necesarios para otros fines legalmente permitidos, se restringir\u00e1 su tratamiento. Es decir, los datos se bloquean y no se procesan para otros fines. Esto se aplica, por ejemplo, a los datos que deben conservarse por razones de derecho mercantil o fiscal.<\/p>\n\n\n\n<p><strong>Cambios y actualizaciones de la declaraci\u00f3n de protecci\u00f3n de datos<\/strong><\/p>\n\n\n\n<p>Le rogamos que se informe regularmente sobre el contenido de nuestra declaraci\u00f3n de protecci\u00f3n de datos. Adaptamos la declaraci\u00f3n de protecci\u00f3n de datos tan pronto como los cambios en el tratamiento de datos que llevamos a cabo lo hacen necesario. Le informaremos tan pronto como los cambios requieran un acto de cooperaci\u00f3n por su parte (por ejemplo, consentimiento) u otra notificaci\u00f3n individual.<\/p>\n\n\n\n<p><strong>Alojamiento y env\u00edo de correo electr\u00f3nico<\/strong><\/p>\n\n\n\n<p>Los servicios de alojamiento que utilizamos sirven para prestar los siguientes servicios: Servicios de infraestructura y plataforma, capacidad inform\u00e1tica, espacio de almacenamiento y servicios de bases de datos, env\u00edo de correo electr\u00f3nico, servicios de seguridad y servicios de mantenimiento t\u00e9cnico, que utilizamos con el fin de operar esta oferta en l\u00ednea.<\/p>\n\n\n\n<p>Al hacerlo, nosotros, o nuestro proveedor de alojamiento, procesamos datos de inventario, datos de contacto, datos de contenido, datos contractuales, datos de uso, metadatos y datos de comunicaci\u00f3n de clientes, partes interesadas y visitantes de esta oferta en l\u00ednea sobre la base de nuestros intereses leg\u00edtimos en una prestaci\u00f3n eficiente y segura de esta oferta en l\u00ednea de conformidad con el Art. 6 para. 1 lit. f DSGVO en relaci\u00f3n con el Art. 28 DSGVO (celebraci\u00f3n de un contrato). Art. 28 DSGVO (celebraci\u00f3n de un contrato de tramitaci\u00f3n de pedidos).<\/p>\n\n\n\n<p><strong>Integraci\u00f3n de servicios y contenidos de terceros<\/strong><\/p>\n\n\n\n<p>Dentro de nuestra oferta en l\u00ednea, utilizamos proveedores de contenidos o servicios sobre la base de nuestros intereses leg\u00edtimos (es decir, el inter\u00e9s en el an\u00e1lisis, la optimizaci\u00f3n y el funcionamiento econ\u00f3mico de nuestra oferta en l\u00ednea en el sentido del Art. 6 para. 1 lit. f. DSGVO). DSGVO) para integrar contenidos o servicios ofrecidos por terceros proveedores, como v\u00eddeos o fuentes (en lo sucesivo denominados uniformemente &#8220;contenidos&#8221;).<\/p>\n\n\n\n<p>Esto requiere siempre que los terceros proveedores de estos contenidos conozcan la direcci\u00f3n IP del usuario, ya que sin la direcci\u00f3n IP no podr\u00edan enviar el contenido a su navegador. La direcci\u00f3n IP es, por tanto, necesaria para la visualizaci\u00f3n de estos contenidos. Nos esforzamos por utilizar \u00fanicamente aquellos contenidos cuyos respectivos proveedores s\u00f3lo utilizan la direcci\u00f3n IP para ofrecer el contenido. Los proveedores terceros tambi\u00e9n pueden utilizar las llamadas &#8220;pixel tags&#8221; (gr\u00e1ficos invisibles, tambi\u00e9n conocidos como &#8220;web beacons&#8221;) con fines estad\u00edsticos o de marketing. Los &#8220;pixel tags&#8221; pueden utilizarse para evaluar informaci\u00f3n como el tr\u00e1fico de visitantes en las p\u00e1ginas de este sitio web. La informaci\u00f3n seud\u00f3nima tambi\u00e9n puede almacenarse en cookies en el dispositivo del usuario y puede contener, entre otras cosas, informaci\u00f3n t\u00e9cnica sobre el navegador y el sistema operativo, sitios web de referencia, hora de la visita y otra informaci\u00f3n sobre el uso de nuestra oferta en l\u00ednea, as\u00ed como estar vinculada a dicha informaci\u00f3n procedente de otras fuentes.<\/p>\n\n\n\n<p><strong>Google ReCaptcha<\/strong><\/p>\n\n\n\n<p>Integramos la funci\u00f3n para el reconocimiento de bots, por ejemplo para entradas en formularios en l\u00ednea (&#8220;ReCaptcha&#8221;) del proveedor Google LLC, 1600 Amphitheatre Parkway, Mountain View, CA 94043, EE.UU.. Pol\u00edtica de privacidad: https:\/\/www.google.com\/policies\/privacy\/, Opt-Out: https:\/\/adssettings.google.com\/authenticated.<\/p>\n\n\n\n<p><strong>OpenStreetMap<\/strong><\/p>\n\n\n\n<p>Integramos los mapas del servicio &#8220;OpenStreetMap&#8221; (https:\/\/www.openstreetmap.de), que se ofrecen sobre la base de la Open Data Commons Open Database License (ODbL) de la OpenStreetMap Foundation (OSMF). Pol\u00edtica de privacidad: https:\/\/wiki.openstreetmap.org\/wiki\/Privacy_Policy.<\/p>\n\n\n\n<p>Por lo que sabemos, los datos del usuario son utilizados por OpenStreetMap con el \u00fanico fin de mostrar las funciones del mapa y almacenar temporalmente los ajustes seleccionados. Estos datos pueden incluir, en particular, direcciones IP y datos de localizaci\u00f3n de los usuarios, que, sin embargo, no se recogen sin su consentimiento (normalmente ejecutado en el contexto de la configuraci\u00f3n de sus dispositivos m\u00f3viles).<\/p>\n\n\n\n<p>Los datos pueden ser procesados en Estados Unidos. Encontrar\u00e1 m\u00e1s informaci\u00f3n en la pol\u00edtica de privacidad de OpenStreetMap: <a href=\"https:\/\/wiki.openstreetmap.org\/wiki\/Privacy_Policy\">https:\/\/wiki.openstreetmap.org\/wiki\/Privacy_Policy<\/a>.<\/p>\n\n\n\n<p><a href=\"https:\/\/datenschutz-generator.de\/\" target=\"_blank\" rel=\"noreferrer noopener\">creado con Datenschutz-Generator.de von RA Dr. Thomas Schwenke<\/a><\/p>\n","protected":false},"excerpt":{"rendered":"<p>Pie de imprenta &#8211; Descargo de responsabilidad &#8211; Pol\u00edtica de privacidad 1. pie de imprenta Guido Pinkernell Instituto de Matem\u00e1ticas e Inform\u00e1tica Universidad de Educaci\u00f3n de Heidelberg Keplerstrasse 87 D-69120 Heidelberg pinkernell@ph-heidelberg.de 2. exclusi\u00f3n de responsabilidad Responsabilidad por contenidos Como proveedor de servicios, soy responsable de los contenidos propios de estas p\u00e1ginas de acuerdo con &hellip; <\/p>\n<p class=\"link-more\"><a href=\"https:\/\/www.authomath.org\/?page_id=953&#038;lang=es\" class=\"more-link\">Continue reading<span class=\"screen-reader-text\"> &#8220;Marca &#8211; Aviso legal &#8211; Pol\u00edtica de privacidad&#8221;<\/span><\/a><\/p>\n","protected":false},"author":3,"featured_media":0,"parent":0,"menu_order":0,"comment_status":"closed","ping_status":"closed","template":"","meta":{"footnotes":""},"class_list":["post-953","page","type-page","status-publish","hentry"],"_links":{"self":[{"href":"https:\/\/www.authomath.org\/index.php?rest_route=\/wp\/v2\/pages\/953","targetHints":{"allow":["GET"]}}],"collection":[{"href":"https:\/\/www.authomath.org\/index.php?rest_route=\/wp\/v2\/pages"}],"about":[{"href":"https:\/\/www.authomath.org\/index.php?rest_route=\/wp\/v2\/types\/page"}],"author":[{"embeddable":true,"href":"https:\/\/www.authomath.org\/index.php?rest_route=\/wp\/v2\/users\/3"}],"replies":[{"embeddable":true,"href":"https:\/\/www.authomath.org\/index.php?rest_route=%2Fwp%2Fv2%2Fcomments&post=953"}],"version-history":[{"count":2,"href":"https:\/\/www.authomath.org\/index.php?rest_route=\/wp\/v2\/pages\/953\/revisions"}],"predecessor-version":[{"id":957,"href":"https:\/\/www.authomath.org\/index.php?rest_route=\/wp\/v2\/pages\/953\/revisions\/957"}],"wp:attachment":[{"href":"https:\/\/www.authomath.org\/index.php?rest_route=%2Fwp%2Fv2%2Fmedia&parent=953"}],"curies":[{"name":"wp","href":"https:\/\/api.w.org\/{rel}","templated":true}]}}