{"id":983,"date":"2023-11-03T10:03:33","date_gmt":"2023-11-03T09:03:33","guid":{"rendered":"https:\/\/www.authomath.org\/?page_id=983"},"modified":"2023-11-06T14:37:49","modified_gmt":"2023-11-06T13:37:49","slug":"university-of-edinburgh-vereinigtes-konigreich","status":"publish","type":"page","link":"https:\/\/www.authomath.org\/?page_id=983","title":{"rendered":"University of Edinburgh (Vereinigtes K\u00f6nigreich)"},"content":{"rendered":"\n<p><strong>Wer wir sind<\/strong><\/p>\n\n\n\n<div class=\"wp-block-group is-nowrap is-layout-flex wp-container-core-group-is-layout-ad2f72ca wp-block-group-is-layout-flex\">\n<figure class=\"wp-block-image size-full is-resized\"><img loading=\"lazy\" decoding=\"async\" width=\"300\" height=\"300\" src=\"https:\/\/www.authomath.org\/wp-content\/uploads\/2023\/06\/Head.png\" alt=\"\" class=\"wp-image-408\" style=\"width:92px;height:92px\" srcset=\"https:\/\/www.authomath.org\/wp-content\/uploads\/2023\/06\/Head.png 300w, https:\/\/www.authomath.org\/wp-content\/uploads\/2023\/06\/Head-150x150.png 150w, https:\/\/www.authomath.org\/wp-content\/uploads\/2023\/06\/Head-100x100.png 100w\" sizes=\"auto, (max-width: 300px) 100vw, 300px\" \/><\/figure>\n\n\n\n<p>Chris Sangwin:<br>Professor f\u00fcr Mathematikunterricht<br>Lehrstuhl f\u00fcr technologiegest\u00fctzten naturwissenschaftlichen Unterricht<\/p>\n<\/div>\n\n\n\n<p><\/p>\n\n\n\n<p>Dr. George Kinnear: <br>Dozent an der Fakult\u00e4t f\u00fcr Mathematik<\/p>\n\n\n\n<div class=\"wp-block-group is-nowrap is-layout-flex wp-container-core-group-is-layout-ad2f72ca wp-block-group-is-layout-flex\">\n<figure class=\"wp-block-image size-large is-resized\"><img loading=\"lazy\" decoding=\"async\" width=\"1016\" height=\"1024\" src=\"https:\/\/www.authomath.org\/wp-content\/uploads\/2023\/10\/KZerva-1016x1024.jpg\" alt=\"\" class=\"wp-image-729\" style=\"aspect-ratio:0.9921875;width:92px;height:auto\" srcset=\"https:\/\/www.authomath.org\/wp-content\/uploads\/2023\/10\/KZerva-1016x1024.jpg 1016w, https:\/\/www.authomath.org\/wp-content\/uploads\/2023\/10\/KZerva-298x300.jpg 298w, https:\/\/www.authomath.org\/wp-content\/uploads\/2023\/10\/KZerva-150x150.jpg 150w, https:\/\/www.authomath.org\/wp-content\/uploads\/2023\/10\/KZerva-768x774.jpg 768w, https:\/\/www.authomath.org\/wp-content\/uploads\/2023\/10\/KZerva-1525x1536.jpg 1525w, https:\/\/www.authomath.org\/wp-content\/uploads\/2023\/10\/KZerva-100x100.jpg 100w, https:\/\/www.authomath.org\/wp-content\/uploads\/2023\/10\/KZerva.jpg 2000w\" sizes=\"auto, (max-width: 706px) 89vw, (max-width: 767px) 82vw, 740px\" \/><\/figure>\n\n\n\n<p>Dr. Konstantina Zerva<br>Learning Technician an der Fakult\u00e4t f\u00fcr Mathematik<\/p>\n<\/div>\n\n\n\n<p><\/p>\n\n\n\n<p><strong>Was wir tun<\/strong><\/p>\n\n\n\n<p>Organisation und Anleitung von Programmierern f\u00fcr AuTo-Code<\/p>\n\n\n\n<p><strong>Was wir bis jetzt erreicht haben<\/strong><\/p>\n\n\n\n<p>wir haben die gesamte technische Kodierung f\u00fcr den ersten Entwurf bereitgestellt und gleichzeitig alle Partner bei Spezifizierung der didaktischen Anforderungen einbezogen.<\/p>\n","protected":false},"excerpt":{"rendered":"<p>Wer wir sind Chris Sangwin:Professor f\u00fcr MathematikunterrichtLehrstuhl f\u00fcr technologiegest\u00fctzten naturwissenschaftlichen Unterricht Dr. George Kinnear: Dozent an der Fakult\u00e4t f\u00fcr Mathematik Dr. Konstantina ZervaLearning Technician an der Fakult\u00e4t f\u00fcr Mathematik Was wir tun Organisation und Anleitung von Programmierern f\u00fcr AuTo-Code Was wir bis jetzt erreicht haben wir haben die gesamte technische Kodierung f\u00fcr den ersten Entwurf &hellip; <\/p>\n<p class=\"link-more\"><a href=\"https:\/\/www.authomath.org\/?page_id=983\" class=\"more-link\">Continue reading<span class=\"screen-reader-text\"> &#8220;University of Edinburgh (Vereinigtes K\u00f6nigreich)&#8221;<\/span><\/a><\/p>\n","protected":false},"author":1,"featured_media":0,"parent":0,"menu_order":0,"comment_status":"closed","ping_status":"closed","template":"","meta":{"footnotes":""},"class_list":["post-983","page","type-page","status-publish","hentry"],"_links":{"self":[{"href":"https:\/\/www.authomath.org\/index.php?rest_route=\/wp\/v2\/pages\/983","targetHints":{"allow":["GET"]}}],"collection":[{"href":"https:\/\/www.authomath.org\/index.php?rest_route=\/wp\/v2\/pages"}],"about":[{"href":"https:\/\/www.authomath.org\/index.php?rest_route=\/wp\/v2\/types\/page"}],"author":[{"embeddable":true,"href":"https:\/\/www.authomath.org\/index.php?rest_route=\/wp\/v2\/users\/1"}],"replies":[{"embeddable":true,"href":"https:\/\/www.authomath.org\/index.php?rest_route=%2Fwp%2Fv2%2Fcomments&post=983"}],"version-history":[{"count":4,"href":"https:\/\/www.authomath.org\/index.php?rest_route=\/wp\/v2\/pages\/983\/revisions"}],"predecessor-version":[{"id":1260,"href":"https:\/\/www.authomath.org\/index.php?rest_route=\/wp\/v2\/pages\/983\/revisions\/1260"}],"wp:attachment":[{"href":"https:\/\/www.authomath.org\/index.php?rest_route=%2Fwp%2Fv2%2Fmedia&parent=983"}],"curies":[{"name":"wp","href":"https:\/\/api.w.org\/{rel}","templated":true}]}}